{"id":928,"date":"2024-02-18T17:48:36","date_gmt":"2024-02-18T15:48:36","guid":{"rendered":"https:\/\/svkmk.com\/wordpress\/?page_id=928"},"modified":"2026-02-19T18:57:23","modified_gmt":"2026-02-19T16:57:23","slug":"saannot","status":"publish","type":"page","link":"https:\/\/svkmk.com\/wordpress\/saannot\/","title":{"rendered":"S\u00e4\u00e4nn\u00f6t"},"content":{"rendered":"\n<p>S\u00e4\u00e4nt\u00f6ihin liittyviss\u00e4 kysymyksiss\u00e4 suositellaan j\u00e4senist\u00f6\u00e4 k\u00e4\u00e4ntym\u00e4\u00e4n hallituksen puoleen. <\/p>\n\n\n\n<p><strong>SVKMK:n<\/strong>&nbsp;&nbsp;<a href=\"https:\/\/svkmk.com\/wordpress\/wp-content\/uploads\/2025\/08\/SVKMK-voimassa-olevat-saannot.pdf\" target=\"_blank\" rel=\"noreferrer noopener\">s\u00e4\u00e4nn\u00f6t<\/a><\/p>\n\n\n\n<p><\/p>\n\n\n\n<p><strong>SVKMKn kilpailuissa noudattavat s\u00e4\u00e4nn\u00f6t<\/strong><\/p>\n\n\n\n<figure id=\"saannot\" class=\"wp-block-table is-style-stripes\"><table><tbody><tr><td><em>Yleiset s\u00e4\u00e4nn\u00f6t:<\/em><\/td><td><\/td><\/tr><tr><td><strong>Nordic Classic Road Racing<\/strong>&nbsp;&nbsp;<a href=\"https:\/\/svkmk.com\/wordpress\/wp-content\/uploads\/2024\/02\/Merkinantoliput-20240220.pdf\" target=\"_blank\" rel=\"noreferrer noopener\">merkinantoliput&nbsp;<\/a>&nbsp;(suomi)<\/td><td><\/td><\/tr><tr><td><strong>Suomen Moottoriliiton<\/strong> <a href=\"https:\/\/www.moottoriliitto.fi\/lajit\/saannot\/\">s\u00e4\u00e4nn\u00f6t<\/a><\/td><td>&nbsp;\u2003<\/td><\/tr><tr><td>  <\/td><td><\/td><\/tr><tr><td><em>Voimassaolevat tekniset s\u00e4\u00e4nn\u00f6t:<\/em><\/td><td><\/td><\/tr><tr><td><strong>Nordic Classic Road Racing<\/strong>\u00a0<a href=\"https:\/\/svkmk.com\/wordpress\/wp-content\/uploads\/2026\/02\/Nordic-Classic-saannot_2026_1_-fi.pdf\" target=\"_blank\" rel=\"noreferrer noopener\">tekniset m\u00e4\u00e4r\u00e4ykset<\/a>\u00a0(suomi ep\u00e4viralliset)\u00a0\u00a0\u00a0<\/td><td><\/td><\/tr><tr><td><strong>Nordic Classic 7C Formula 80-87<\/strong>\u00a0\u00a0<a href=\"https:\/\/svkmk.com\/wordpress\/wp-content\/uploads\/2025\/01\/7CFIN-Formula_80-87-saannot-2025-1.pdf\" target=\"_blank\" rel=\"noreferrer noopener\">s\u00e4\u00e4nn\u00f6t<\/a>\u00a0(suomi ep\u00e4viralliset)<\/td><td><\/td><\/tr><tr><td><strong>Nordic Classic Superbike<\/strong>\u00a0<a href=\"https:\/\/svkmk.com\/wordpress\/wp-content\/uploads\/2025\/01\/13FIN-Superbike-saannot-2025-6.pdf\" target=\"_blank\" rel=\"noreferrer noopener\">s\u00e4\u00e4nn\u00f6t<\/a>\u00a0(suomi ep\u00e4viralliset)\u00a0\u00a0<\/td><td><\/td><\/tr><tr><td><strong>Classic Supersport 600<\/strong> <a href=\"https:\/\/svkmk.com\/wordpress\/wp-content\/uploads\/2025\/07\/14FIN-Supersport-saannot-2025-3.pdf\" target=\"_blank\" rel=\"noreferrer noopener\">tekniset m\u00e4\u00e4r\u00e4ykset<\/a><\/td><td><\/td><\/tr><tr><td><strong>Tasanopeusajon<\/strong> <a href=\"https:\/\/svkmk.com\/wordpress\/wp-content\/uploads\/2025\/05\/Tasanopeusajo_2025_1.pdf\" target=\"_blank\" rel=\"noreferrer noopener\">s\u00e4\u00e4nn\u00f6t<\/a><\/td><td><\/td><\/tr><tr><td><strong>SVKMK kerhokilpailujen<\/strong> <a href=\"https:\/\/svkmk.com\/wordpress\/2025\/08\/19\/saantomuutos\/\">s\u00e4\u00e4nt\u00f6poikkeus<\/a><\/td><td><\/td><\/tr><tr><td><strong>S\u00e4\u00e4nt\u00f6muutokset <\/strong><br><a href=\"https:\/\/svkmk.com\/wordpress\/wp-content\/uploads\/2026\/02\/Saantomuutokset-2026_1.pdf\" target=\"_blank\" rel=\"noreferrer noopener\">2026<\/a><\/td><td><\/td><\/tr><\/tbody><\/table><\/figure>\n\n\n\n<figure class=\"wp-block-table is-style-stripes\"><table class=\"has-fixed-layout\"><tbody><tr><td><strong>Viralliset englanninkieliset versiot l\u00f6ytyv\u00e4t seuraavien linkkien kautta:<\/strong><\/td><\/tr><tr><td><a href=\"https:\/\/mchk-racing.org\/for-forare\/reglementen\" target=\"_blank\" rel=\"noreferrer noopener\">https:\/\/mchk-racing.org\/for-forare\/reglementen<\/a> : Nordic Classic Eligibility Rules, luokat 1-6, 7A ja 7B, 8A-D, 12a ja 12b.<\/td><\/tr><tr><td><a href=\"https:\/\/www.crc.no\/maskinreglement\/\" target=\"_blank\" rel=\"noreferrer noopener\">https:\/\/www.crc.no\/maskinreglement\/<\/a> : Formula 80\/87 7C F1 ja F2, Supermono, Superbike, Supersport ja Nasjonal 600\/100.<\/td><\/tr><tr><td><\/td><\/tr><\/tbody><\/table><\/figure>\n\n\n\n<p><\/p>\n","protected":false},"excerpt":{"rendered":"<p>S\u00e4\u00e4nt\u00f6ihin liittyviss\u00e4 kysymyksiss\u00e4 suositellaan j\u00e4senist\u00f6\u00e4 k\u00e4\u00e4ntym\u00e4\u00e4n hallituksen puoleen. SVKMK:n&nbsp;&nbsp;s\u00e4\u00e4nn\u00f6t SVKMKn kilpailuissa noudattavat s\u00e4\u00e4nn\u00f6t Yleiset s\u00e4\u00e4nn\u00f6t: Nordic Classic Road Racing&nbsp;&nbsp;merkinantoliput&nbsp;&nbsp;(suomi) Suomen Moottoriliiton s\u00e4\u00e4nn\u00f6t &nbsp;\u2003 Voimassaolevat tekniset s\u00e4\u00e4nn\u00f6t: Nordic Classic Road Racing\u00a0tekniset m\u00e4\u00e4r\u00e4ykset\u00a0(suomi ep\u00e4viralliset)\u00a0\u00a0\u00a0 Nordic Classic 7C Formula 80-87\u00a0\u00a0s\u00e4\u00e4nn\u00f6t\u00a0(suomi ep\u00e4viralliset) Nordic Classic Superbike\u00a0s\u00e4\u00e4nn\u00f6t\u00a0(suomi ep\u00e4viralliset)\u00a0\u00a0 Classic Supersport 600 tekniset m\u00e4\u00e4r\u00e4ykset Tasanopeusajon s\u00e4\u00e4nn\u00f6t SVKMK kerhokilpailujen s\u00e4\u00e4nt\u00f6poikkeus S\u00e4\u00e4nt\u00f6muutokset 2026 Viralliset [&hellip;]<\/p>\n","protected":false},"author":1,"featured_media":0,"parent":0,"menu_order":0,"comment_status":"closed","ping_status":"closed","template":"","meta":{"footnotes":""},"class_list":["post-928","page","type-page","status-publish","hentry"],"_links":{"self":[{"href":"https:\/\/svkmk.com\/wordpress\/wp-json\/wp\/v2\/pages\/928","targetHints":{"allow":["GET"]}}],"collection":[{"href":"https:\/\/svkmk.com\/wordpress\/wp-json\/wp\/v2\/pages"}],"about":[{"href":"https:\/\/svkmk.com\/wordpress\/wp-json\/wp\/v2\/types\/page"}],"author":[{"embeddable":true,"href":"https:\/\/svkmk.com\/wordpress\/wp-json\/wp\/v2\/users\/1"}],"replies":[{"embeddable":true,"href":"https:\/\/svkmk.com\/wordpress\/wp-json\/wp\/v2\/comments?post=928"}],"version-history":[{"count":50,"href":"https:\/\/svkmk.com\/wordpress\/wp-json\/wp\/v2\/pages\/928\/revisions"}],"predecessor-version":[{"id":2330,"href":"https:\/\/svkmk.com\/wordpress\/wp-json\/wp\/v2\/pages\/928\/revisions\/2330"}],"wp:attachment":[{"href":"https:\/\/svkmk.com\/wordpress\/wp-json\/wp\/v2\/media?parent=928"}],"curies":[{"name":"wp","href":"https:\/\/api.w.org\/{rel}","templated":true}]}}