{"id":71,"date":"2023-11-25T13:44:29","date_gmt":"2023-11-25T11:44:29","guid":{"rendered":"https:\/\/svkmk.com\/wordpress\/?page_id=71"},"modified":"2026-01-20T15:42:09","modified_gmt":"2026-01-20T13:42:09","slug":"liittyminen","status":"publish","type":"page","link":"https:\/\/svkmk.com\/wordpress\/liittyminen\/","title":{"rendered":"SVKMK Liittymislomake"},"content":{"rendered":"\n<p class=\"has-medium-font-size\" style=\"margin-top:0;margin-right:0;margin-bottom:var(--wp--preset--spacing--10);margin-left:0;padding-top:0;padding-right:0;padding-bottom:0;padding-left:0;font-style:normal;font-weight:400\">Liittymismaksu kerhoomme on 10\u20ac, vuosimaksu vuonna 2025 on 30\u20ac.<\/p>\n\n\n\n<p style=\"margin-top:0;margin-right:0;margin-bottom:0;margin-left:0\">L\u00e4het\u00e4 s\u00e4hk\u00f6inen j\u00e4senhakemus alla olevalla lomakkeella.<\/p>\n\n\n<style id=\"wpforms-css-vars-72-block-ca24b801-65c7-490b-add7-3de2da259e63\">\n\t\t\t\t#wpforms-72.wpforms-block-ca24b801-65c7-490b-add7-3de2da259e63 {\n\t\t\t\t--wpforms-field-size-input-height: 43px;\n--wpforms-field-size-input-spacing: 15px;\n--wpforms-field-size-font-size: 16px;\n--wpforms-field-size-line-height: 19px;\n--wpforms-field-size-padding-h: 14px;\n--wpforms-field-size-checkbox-size: 16px;\n--wpforms-field-size-sublabel-spacing: 5px;\n--wpforms-field-size-icon-size: 1;\n--wpforms-label-size-font-size: 16px;\n--wpforms-label-size-line-height: 19px;\n--wpforms-label-size-sublabel-font-size: 14px;\n--wpforms-label-size-sublabel-line-height: 17px;\n--wpforms-button-size-font-size: 17px;\n--wpforms-button-size-height: 41px;\n--wpforms-button-size-padding-h: 15px;\n--wpforms-button-size-margin-top: 10px;\n\t\t\t}\n\t\t\t<\/style><div class=\"wpforms-container wpforms-container-full form-style wpforms-block wpforms-block-ca24b801-65c7-490b-add7-3de2da259e63 wpforms-render-modern\" id=\"wpforms-72\"><form id=\"wpforms-form-72\" class=\"wpforms-validate wpforms-form wpforms-ajax-form\" data-formid=\"72\" method=\"post\" enctype=\"multipart\/form-data\" action=\"\/wordpress\/wp-json\/wp\/v2\/pages\/71\" data-token=\"756279c6f210219db9f1c61851e3f3f6\" data-token-time=\"1775509455\"><noscript class=\"wpforms-error-noscript\">Please enable JavaScript in your browser to complete this form.<\/noscript><div id=\"wpforms-error-noscript\" style=\"display: none;\">Please enable JavaScript in your browser to complete this form.<\/div><div class=\"wpforms-field-container\"><div id=\"wpforms-72-field_9-container\" class=\"wpforms-field wpforms-field-name\" data-field-id=\"9\"><fieldset><legend class=\"wpforms-field-label\">Etu- ja sukunimi <span class=\"wpforms-required-label\" aria-hidden=\"true\">*<\/span><\/legend><div class=\"wpforms-field-row wpforms-field-large\"><div class=\"wpforms-field-row-block wpforms-first wpforms-one-half\"><input type=\"text\" id=\"wpforms-72-field_9\" class=\"wpforms-field-name-first wpforms-field-required\" name=\"wpforms[fields][9][first]\" placeholder=\"Etunimet\" aria-errormessage=\"wpforms-72-field_9-error\" required><label for=\"wpforms-72-field_9\" class=\"wpforms-field-sublabel after wpforms-sublabel-hide\">First<\/label><\/div><div class=\"wpforms-field-row-block wpforms-one-half\"><input type=\"text\" id=\"wpforms-72-field_9-last\" class=\"wpforms-field-name-last wpforms-field-required\" name=\"wpforms[fields][9][last]\" placeholder=\"Sukunimi\" aria-errormessage=\"wpforms-72-field_9-last-error\" required><label for=\"wpforms-72-field_9-last\" class=\"wpforms-field-sublabel after wpforms-sublabel-hide\">Last<\/label><\/div><\/div><\/fieldset><\/div><div id=\"wpforms-72-field_18-container\" class=\"wpforms-field wpforms-field-select wpforms-field-select-style-classic\" data-field-id=\"18\"><label class=\"wpforms-field-label\" for=\"wpforms-72-field_18\">Sukupuoli<\/label><select id=\"wpforms-72-field_18\" class=\"wpforms-field-medium\" name=\"wpforms[fields][18]\"><option value=\"Mies\"  class=\"choice-1 depth-1\"  >Mies<\/option><option value=\"Nainen\"  class=\"choice-2 depth-1\"  >Nainen<\/option><option value=\"Muu\"  class=\"choice-3 depth-1\"  >Muu<\/option><\/select><\/div><div id=\"wpforms-72-field_3-container\" class=\"wpforms-field wpforms-field-text\" data-field-id=\"3\"><label class=\"wpforms-field-label\" for=\"wpforms-72-field_3\">Syntym\u00e4aika <span class=\"wpforms-required-label\" aria-hidden=\"true\">*<\/span><\/label><input type=\"text\" id=\"wpforms-72-field_3\" class=\"wpforms-field-large wpforms-field-required\" name=\"wpforms[fields][3]\" aria-errormessage=\"wpforms-72-field_3-error\" required><\/div><div id=\"wpforms-72-field_19-container\" class=\"wpforms-field wpforms-field-text\" data-field-id=\"19\"><label class=\"wpforms-field-label\" for=\"wpforms-72-field_19\">Kansallisuus <span class=\"wpforms-required-label\" aria-hidden=\"true\">*<\/span><\/label><input type=\"text\" id=\"wpforms-72-field_19\" class=\"wpforms-field-medium wpforms-field-required wpforms-limit-characters-enabled\" data-form-id=\"72\" data-field-id=\"19\" data-text-limit=\"30\" name=\"wpforms[fields][19]\" value=\"Suomi\" placeholder=\"Suomi\" aria-errormessage=\"wpforms-72-field_19-error\" maxlength=\"30\" required><\/div><div id=\"wpforms-72-field_4-container\" class=\"wpforms-field wpforms-field-text\" data-field-id=\"4\"><label class=\"wpforms-field-label\" for=\"wpforms-72-field_4\">Katuosoite <span class=\"wpforms-required-label\" aria-hidden=\"true\">*<\/span><\/label><input type=\"text\" id=\"wpforms-72-field_4\" class=\"wpforms-field-large wpforms-field-required wpforms-limit-characters-enabled\" data-form-id=\"72\" data-field-id=\"4\" data-text-limit=\"200\" name=\"wpforms[fields][4]\" aria-errormessage=\"wpforms-72-field_4-error\" maxlength=\"200\" required><\/div><div id=\"wpforms-72-field_15-container\" class=\"wpforms-field wpforms-field-text\" data-field-id=\"15\"><label class=\"wpforms-field-label\" for=\"wpforms-72-field_15\">Postitoimipaikka <span class=\"wpforms-required-label\" aria-hidden=\"true\">*<\/span><\/label><input type=\"text\" id=\"wpforms-72-field_15\" class=\"wpforms-field-large wpforms-field-required wpforms-limit-characters-enabled\" data-form-id=\"72\" data-field-id=\"15\" data-text-limit=\"20\" name=\"wpforms[fields][15]\" aria-errormessage=\"wpforms-72-field_15-error\" maxlength=\"20\" required><\/div><div id=\"wpforms-72-field_16-container\" class=\"wpforms-field wpforms-field-number\" data-field-id=\"16\"><label class=\"wpforms-field-label\" for=\"wpforms-72-field_16\">Postinumero <span class=\"wpforms-required-label\" aria-hidden=\"true\">*<\/span><\/label><input type=\"number\" id=\"wpforms-72-field_16\" class=\"wpforms-field-large wpforms-field-required\" name=\"wpforms[fields][16]\" step=\"any\" aria-errormessage=\"wpforms-72-field_16-error\" required><\/div><div id=\"wpforms-72-field_20-container\" class=\"wpforms-field wpforms-field-text\" data-field-id=\"20\"><label class=\"wpforms-field-label\" for=\"wpforms-72-field_20\">Maa<\/label><input type=\"text\" id=\"wpforms-72-field_20\" class=\"wpforms-field-medium wpforms-limit-characters-enabled\" data-form-id=\"72\" data-field-id=\"20\" data-text-limit=\"30\" name=\"wpforms[fields][20]\" value=\"Suomi\" aria-errormessage=\"wpforms-72-field_20-error\" maxlength=\"30\" ><\/div><div id=\"wpforms-72-field_13-container\" class=\"wpforms-field wpforms-field-number\" data-field-id=\"13\"><label class=\"wpforms-field-label\" for=\"wpforms-72-field_13\">Puhelinnumero <span class=\"wpforms-required-label\" aria-hidden=\"true\">*<\/span><\/label><input type=\"number\" id=\"wpforms-72-field_13\" class=\"wpforms-field-medium wpforms-field-required\" name=\"wpforms[fields][13]\" max=\"99999999999999\" step=\"any\" aria-errormessage=\"wpforms-72-field_13-error\" required><\/div><div id=\"wpforms-72-field_12-container\" class=\"wpforms-field wpforms-field-email\" data-field-id=\"12\"><fieldset><legend class=\"wpforms-field-label\">S\u00e4hk\u00f6posti <span class=\"wpforms-required-label\" aria-hidden=\"true\">*<\/span><\/legend><div class=\"wpforms-field-row wpforms-field-large\"><div class=\"wpforms-field-row-block wpforms-one-half wpforms-first\"><input type=\"email\" id=\"wpforms-72-field_12\" class=\"wpforms-field-required wpforms-field-email-primary\" name=\"wpforms[fields][12][primary]\" placeholder=\"S\u00e4hkopostiosoite\" spellcheck=\"false\" aria-errormessage=\"wpforms-72-field_12-error\" required><label for=\"wpforms-72-field_12\" class=\"wpforms-field-sublabel after wpforms-sublabel-hide\">Email<\/label><\/div><div class=\"wpforms-field-row-block wpforms-one-half\"><input type=\"email\" id=\"wpforms-72-field_12-secondary\" class=\"wpforms-field-email-secondary wpforms-field-required\" data-rule-confirm=\"#wpforms-72-field_12\" name=\"wpforms[fields][12][secondary]\" placeholder=\"Vahvista s\u00e4hk\u00f6postiosoite\" spellcheck=\"false\" aria-errormessage=\"wpforms-72-field_12-secondary-error\" required><label for=\"wpforms-72-field_12-secondary\" class=\"wpforms-field-sublabel after wpforms-sublabel-hide\">Confirm Email<\/label><\/div><\/div><\/fieldset><\/div><div id=\"wpforms-72-field_11-container\" class=\"wpforms-field wpforms-field-radio\" data-field-id=\"11\"><fieldset><legend class=\"wpforms-field-label\">Tietoni saa julkaista kerhon (SVKMK) j\u00e4senluettelossa <span class=\"wpforms-required-label\" aria-hidden=\"true\">*<\/span><\/legend><ul id=\"wpforms-72-field_11\" class=\"wpforms-field-required\"><li class=\"choice-1 depth-1\"><input type=\"radio\" id=\"wpforms-72-field_11_1\" name=\"wpforms[fields][11]\" value=\"Kyll\u00e4\" aria-errormessage=\"wpforms-72-field_11_1-error\" required ><label class=\"wpforms-field-label-inline\" for=\"wpforms-72-field_11_1\">Kyll\u00e4<\/label><\/li><li class=\"choice-2 depth-1\"><input type=\"radio\" id=\"wpforms-72-field_11_2\" name=\"wpforms[fields][11]\" value=\"Ei\" aria-errormessage=\"wpforms-72-field_11_2-error\" required ><label class=\"wpforms-field-label-inline\" for=\"wpforms-72-field_11_2\">Ei<\/label><\/li><\/ul><\/fieldset><\/div><\/div><!-- .wpforms-field-container --><div class=\"wpforms-recaptcha-container wpforms-is-hcaptcha\" ><div class=\"h-captcha\" data-sitekey=\"2711ad83-3df2-4eec-99dc-40f9a48a3b32\"><\/div><input type=\"text\" name=\"g-recaptcha-hidden\" class=\"wpforms-recaptcha-hidden\" style=\"position:absolute!important;clip:rect(0,0,0,0)!important;height:1px!important;width:1px!important;border:0!important;overflow:hidden!important;padding:0!important;margin:0!important;\" data-rule-hcaptcha=\"1\"><\/div><div class=\"wpforms-submit-container\" ><input type=\"hidden\" name=\"wpforms[id]\" value=\"72\"><input type=\"hidden\" name=\"page_title\" value=\"\"><input type=\"hidden\" name=\"page_url\" value=\"https:\/\/svkmk.com\/wordpress\/wp-json\/wp\/v2\/pages\/71\"><input type=\"hidden\" name=\"url_referer\" value=\"\"><button type=\"submit\" name=\"wpforms[submit]\" id=\"wpforms-submit-72\" class=\"wpforms-submit\" data-alt-text=\"L\u00e4hetet\u00e4\u00e4n\u2026\" data-submit-text=\"L\u00e4het\u00e4\" aria-live=\"assertive\" value=\"wpforms-submit\">L\u00e4het\u00e4<\/button><img loading=\"lazy\" decoding=\"async\" src=\"https:\/\/svkmk.com\/wordpress\/wp-content\/plugins\/wpforms-lite\/assets\/images\/submit-spin.svg\" class=\"wpforms-submit-spinner\" style=\"display: none;\" width=\"26\" height=\"26\" alt=\"Loading\"><\/div><\/form><\/div>  <!-- .wpforms-container -->","protected":false},"excerpt":{"rendered":"<p>Liittymismaksu kerhoomme on 10\u20ac, vuosimaksu vuonna 2025 on 30\u20ac. L\u00e4het\u00e4 s\u00e4hk\u00f6inen j\u00e4senhakemus alla olevalla lomakkeella.<\/p>\n","protected":false},"author":1,"featured_media":380,"parent":0,"menu_order":0,"comment_status":"closed","ping_status":"closed","template":"","meta":{"footnotes":""},"class_list":["post-71","page","type-page","status-publish","has-post-thumbnail","hentry"],"_links":{"self":[{"href":"https:\/\/svkmk.com\/wordpress\/wp-json\/wp\/v2\/pages\/71","targetHints":{"allow":["GET"]}}],"collection":[{"href":"https:\/\/svkmk.com\/wordpress\/wp-json\/wp\/v2\/pages"}],"about":[{"href":"https:\/\/svkmk.com\/wordpress\/wp-json\/wp\/v2\/types\/page"}],"author":[{"embeddable":true,"href":"https:\/\/svkmk.com\/wordpress\/wp-json\/wp\/v2\/users\/1"}],"replies":[{"embeddable":true,"href":"https:\/\/svkmk.com\/wordpress\/wp-json\/wp\/v2\/comments?post=71"}],"version-history":[{"count":13,"href":"https:\/\/svkmk.com\/wordpress\/wp-json\/wp\/v2\/pages\/71\/revisions"}],"predecessor-version":[{"id":2226,"href":"https:\/\/svkmk.com\/wordpress\/wp-json\/wp\/v2\/pages\/71\/revisions\/2226"}],"wp:featuredmedia":[{"embeddable":true,"href":"https:\/\/svkmk.com\/wordpress\/wp-json\/wp\/v2\/media\/380"}],"wp:attachment":[{"href":"https:\/\/svkmk.com\/wordpress\/wp-json\/wp\/v2\/media?parent=71"}],"curies":[{"name":"wp","href":"https:\/\/api.w.org\/{rel}","templated":true}]}}