{"id":58,"date":"2023-11-25T12:32:33","date_gmt":"2023-11-25T10:32:33","guid":{"rendered":"https:\/\/svkmk.com\/wordpress\/?page_id=58"},"modified":"2026-02-08T21:59:19","modified_gmt":"2026-02-08T19:59:19","slug":"yhteystiedot","status":"publish","type":"page","link":"https:\/\/svkmk.com\/wordpress\/yhteystiedot\/","title":{"rendered":"Hallitus"},"content":{"rendered":"\n<p>Voit ottaa yhteytt\u00e4 hallituksen j\u00e4seniin mik\u00e4li joku asia tarvitsee selvennyst\u00e4. Hallitus on j\u00e4seni\u00e4 varten !<\/p>\n\n\n\n<div class=\"wp-block-group has-global-padding is-layout-constrained wp-block-group-is-layout-constrained\">\n<div class=\"wp-block-group has-global-padding is-layout-constrained wp-block-group-is-layout-constrained\">\n<div class=\"wp-block-group has-global-padding is-layout-constrained wp-block-group-is-layout-constrained\">\n<div class=\"wp-block-columns is-layout-flex wp-container-core-columns-is-layout-28f84493 wp-block-columns-is-layout-flex\">\n<div class=\"wp-block-column is-layout-flow wp-block-column-is-layout-flow\" style=\"flex-basis:100%\">\n<div class=\"wp-block-group has-global-padding is-layout-constrained wp-block-group-is-layout-constrained\">\n<figure class=\"wp-block-table is-style-stripes has-small-font-size\"><table class=\"has-fixed-layout\"><tbody><tr><td colspan=\"2\"><strong><em>Yhdistyksen hallitus ja toimihenkil\u00f6t<\/em><\/strong><\/td><\/tr><tr><td><strong>Teht\u00e4v\u00e4<\/strong><\/td><td><strong>Yhteystiedot<\/strong><\/td><td><\/td><\/tr><tr><td><strong>Puheenjohtaja<\/strong><\/td><td>Timo Kokkonen<br>puh 045 113 7331<br>timo.kokkonen@svkmk.com<\/td><td><\/td><\/tr><tr><td><strong>Varapuheenjohtaja<\/strong><\/td><td>John Puhakka<br>puh 0400 652 011<br>john.puhakka@svkmk.com<\/td><td><\/td><\/tr><tr><td><strong>Julkisuus, n\u00e4kyvyys,<\/strong><strong> some<\/strong><\/td><td>Juha-Matti Huusari<br>puh 045 783 606 77<br>juha.huusari@svkmk.com<\/td><td>Jaakko Heiskari<br>puh 040 706 5154<br>jaakko.heiskari@svkmk.com<\/td><\/tr><tr><td><strong>Sihteeri<\/strong><\/td><td colspan=\"2\">Jarkko Pohjanen<br>puh 040 525 3102<br>jarkko.pohjanen@svkmk.com<\/td><\/tr><tr><td><strong>Rahastonhoitaja<\/strong>\/<br><strong>j\u00e4senasiat<\/strong><\/td><td>Timo Haapoja<br>puh 040 723 6944<br>timo.haapoja@svkmk.com<\/td><td><\/td><\/tr><tr><td><strong>Teknisen jaoston PJ<\/strong><\/td><td>Osmo Leikko<br>puh 0400 748 380<br>osmo.leikko@svkmk.com<\/td><td><\/td><\/tr><tr><td><strong>Teknisen jaoston<\/strong><strong> j\u00e4sen<\/strong><\/td><td>Harri Lattunen<br>puh 0400 625 436<br>harri.lattunen@svkmk.com<\/td><td><\/td><\/tr><tr><td><strong>Teknisen jaoston j\u00e4sen<\/strong>, <strong>katsastus<\/strong><\/td><td>Vesa Vuorela<br>puh 050 545 1800<br>vesa.vuorela@svkmk.com<\/td><td><\/td><\/tr><tr><td><strong>Websivut<\/strong><\/td><td>Timo Talja<br>puh 040 506 2695<br>timo.talja@svkmk.com<\/td><td>Hanne Heiskari<br>hanne.heiskari@svkmk.com<\/td><\/tr><tr><td><strong>Toiminnantarkastaja<br><\/strong>(toimihenkil\u00f6)<\/td><td colspan=\"2\">Tapio Myllym\u00e4ki<br>puh 0500 423 606<br>tapio.myllymaki@svkmk.com<\/td><\/tr><tr><td><strong>Toiminnantarkastaja<br><\/strong>(toimihenkil\u00f6)<\/td><td colspan=\"2\">P\u00e4ivi Myllym\u00e4ki<br>puh 0400 423 606<br>paivi.myllymaki@svkmk.com<\/td><\/tr><tr><td><strong>Toiminnantarkastaja (varalla)<br><\/strong>(toimihenkil\u00f6)<\/td><td>Kaarlo Salonen<br>puh 040 582 4199<br>kaarlo.salonen@svkmk.com<\/td><td><\/td><\/tr><tr><td><br><strong>Kilpailutoiminta<\/strong><br>&nbsp;<\/td><td colspan=\"2\"><br>Osmo Leikko, Harri Lattunen, Suvi Saari, Reijo Hietanen<br>&nbsp;<\/td><\/tr><tr><td><strong>Lajip\u00e4\u00e4llikk\u00f6<br><br><\/strong><\/td><td colspan=\"2\">Jouni Sepp\u00e4nen<br>puh 045 631 5264<br>jouni.seppanen@svkmk.com<\/td><\/tr><\/tbody><\/table><\/figure>\n<\/div>\n<\/div>\n<\/div>\n<\/div>\n<\/div>\n<\/div>\n\n\n\n<p><\/p>\n","protected":false},"excerpt":{"rendered":"<p>Voit ottaa yhteytt\u00e4 hallituksen j\u00e4seniin mik\u00e4li joku asia tarvitsee selvennyst\u00e4. Hallitus on j\u00e4seni\u00e4 varten ! Yhdistyksen hallitus ja toimihenkil\u00f6t Teht\u00e4v\u00e4 Yhteystiedot Puheenjohtaja Timo Kokkonenpuh 045 113 7331timo.kokkonen@svkmk.com Varapuheenjohtaja John Puhakkapuh 0400 652 011john.puhakka@svkmk.com Julkisuus, n\u00e4kyvyys, some Juha-Matti Huusaripuh 045 783 606 77juha.huusari@svkmk.com Jaakko Heiskaripuh 040 706 5154jaakko.heiskari@svkmk.com Sihteeri Jarkko Pohjanenpuh 040 525 3102jarkko.pohjanen@svkmk.com Rahastonhoitaja\/j\u00e4senasiat Timo [&hellip;]<\/p>\n","protected":false},"author":1,"featured_media":0,"parent":0,"menu_order":0,"comment_status":"closed","ping_status":"closed","template":"","meta":{"footnotes":""},"class_list":["post-58","page","type-page","status-publish","hentry"],"_links":{"self":[{"href":"https:\/\/svkmk.com\/wordpress\/wp-json\/wp\/v2\/pages\/58","targetHints":{"allow":["GET"]}}],"collection":[{"href":"https:\/\/svkmk.com\/wordpress\/wp-json\/wp\/v2\/pages"}],"about":[{"href":"https:\/\/svkmk.com\/wordpress\/wp-json\/wp\/v2\/types\/page"}],"author":[{"embeddable":true,"href":"https:\/\/svkmk.com\/wordpress\/wp-json\/wp\/v2\/users\/1"}],"replies":[{"embeddable":true,"href":"https:\/\/svkmk.com\/wordpress\/wp-json\/wp\/v2\/comments?post=58"}],"version-history":[{"count":70,"href":"https:\/\/svkmk.com\/wordpress\/wp-json\/wp\/v2\/pages\/58\/revisions"}],"predecessor-version":[{"id":2310,"href":"https:\/\/svkmk.com\/wordpress\/wp-json\/wp\/v2\/pages\/58\/revisions\/2310"}],"wp:attachment":[{"href":"https:\/\/svkmk.com\/wordpress\/wp-json\/wp\/v2\/media?parent=58"}],"curies":[{"name":"wp","href":"https:\/\/api.w.org\/{rel}","templated":true}]}}