{"id":48,"date":"2023-11-25T11:54:05","date_gmt":"2023-11-25T09:54:05","guid":{"rendered":"https:\/\/svkmk.com\/wordpress\/?page_id=48"},"modified":"2025-02-18T18:46:57","modified_gmt":"2025-02-18T16:46:57","slug":"tapahtumat","status":"publish","type":"page","link":"https:\/\/svkmk.com\/wordpress\/tapahtumat\/","title":{"rendered":"Tapahtumat"},"content":{"rendered":"\n<div class=\"wp-block-group alignfull has-global-padding is-layout-constrained wp-container-core-group-is-layout-4b73d0e1 wp-block-group-is-layout-constrained\" style=\"border-style:none;border-width:0px;border-radius:0px;margin-top:0;margin-bottom:0;padding-top:0;padding-right:var(--wp--preset--spacing--10);padding-bottom:0;padding-left:var(--wp--preset--spacing--10)\">\n<div class=\"wp-block-group alignwide has-global-padding is-layout-constrained wp-block-group-is-layout-constrained\">\n<div class=\"wp-block-query is-layout-flow wp-block-query-is-layout-flow\"><ul class=\"wp-block-post-template has-small-font-size is-layout-flow wp-container-core-post-template-is-layout-b377334a wp-block-post-template-is-layout-flow\"><li class=\"wp-block-post post-2342 post type-post status-publish format-standard hentry category-tapahtumat\">\n<h2 class=\"wp-block-post-title\"><a href=\"https:\/\/svkmk.com\/wordpress\/2026\/03\/19\/naytosajot-2026\/\" target=\"_self\" >N\u00e4yt\u00f6sajot 2026<\/a><\/h2>\n\n\n\n<div class=\"entry-content wp-block-post-content is-layout-flow wp-block-post-content-is-layout-flow\">\n<p>Vuonna 2026 ohjelmaan kuuluu kaksi perinteik\u00e4st\u00e4 ja odotettua n\u00e4yt\u00f6sajoa, jotka tuovat historiallisen moottoriurheilun ja yhteishengen n\u00e4kyv\u00e4sti esiin. Tervetuloa mukaan seuraamaan vauhtia, tekniikkaa ja ajamisen iloa.<\/p>\n\n\n\n<p><strong>14.5.2026 It\u00e4harjun Ajot, Turku<\/strong><\/p>\n\n\n\n<p>It\u00e4harjun teollisuusalueella j\u00e4rjestett\u00e4v\u00e4 n\u00e4yt\u00f6sajo kokoaa yhteen sek\u00e4 kokeneita harrastajia ett\u00e4 uusia lajin yst\u00e4vi\u00e4. P\u00e4iv\u00e4n aikana n\u00e4hd\u00e4\u00e4n eri aikakausien kalustoa ja p\u00e4\u00e4st\u00e4\u00e4n seuraamaan, miten vanhat koneet her\u00e4\u00e4v\u00e4t henkiin oikeassa ajossa. Tunnelma on rento ja yleis\u00f6lle avoin, joten mukaan voi tulla vaikka koko perheen voimin. Lis\u00e4tietoja: <a href=\"https:\/\/itaharjunajot.fi\/\">https:\/\/itaharjunajot.fi\/<\/a><\/p>\n\n\n\n<p><\/p>\n\n\n\n<p><strong>26.7.2026 Viksbergin TT-Ajot, Forssa<\/strong><\/p>\n\n\n\n<p>Hein\u00e4kuun lopussa suunnataan Forssan Viksbergiin, jossa historiallinen TT-perinne jatkuu n\u00e4ytt\u00e4v\u00e4n\u00e4 tapahtumana. N\u00e4yt\u00f6sajossa n\u00e4hd\u00e4\u00e4n monipuolista kalustoa ja aito vanhan ajan ratatunnelma. Viksbergin milj\u00f6\u00f6 tarjoaa hienot puitteet niin katsojille kuin kuljettajille.<\/p>\n\n\n\n<p><\/p>\n<\/div>\n\n<div class=\"wp-block-post-date\"><time datetime=\"2026-03-19T10:16:16+02:00\">19.3.2026<\/time><\/div>\n<\/li><li class=\"wp-block-post post-2137 post type-post status-publish format-standard hentry category-tapahtumat category-tiedotteet\">\n<h2 class=\"wp-block-post-title\"><a href=\"https:\/\/svkmk.com\/wordpress\/2025\/12\/16\/kisakalenteri-2026\/\" target=\"_self\" >Kisakalenteri 2026<\/a><\/h2>\n\n\n\n<div class=\"entry-content wp-block-post-content is-layout-flow wp-block-post-content-is-layout-flow\">\n<p>Vuoden 2026 kisakalenteri on julkaistu.<\/p>\n\n\n\n<p>NC = Pohjoismaiden mestaruusosakilpailu<\/p>\n\n\n\n<p>\u2b50 = kerhon omaa toimintaa<\/p>\n\n\n\n<figure class=\"wp-block-table is-style-stripes\"><table class=\"has-accent-5-background-color has-background\" style=\"border-width:5px\"><tbody><tr><td>\u2b50<\/td><td><strong>10.5.2026<\/strong><\/td><td class=\"has-text-align-left\" data-align=\"left\"><strong>SVKMK Harjoituskilpailu<\/strong><\/td><td><strong>Botniaring<\/strong><\/td><\/tr><tr><td>\u2b50<\/td><td><strong>22.5.2026<\/strong><\/td><td class=\"has-text-align-left\" data-align=\"left\"><strong>SVKMK Harjoituskilpailu<\/strong><\/td><td><strong>Botniaring<\/strong><\/td><\/tr><tr><td>\u2b50<\/td><td><strong>23.5. \u2013 24.5.2026<\/strong><\/td><td class=\"has-text-align-left\" data-align=\"left\"><strong>SVKMK Cup Kilpailu<\/strong><\/td><td><strong>Botniaring<\/strong><\/td><\/tr><tr><td><\/td><td>28.5. &#8211; 31.5.2026<\/td><td class=\"has-text-align-left\" data-align=\"left\">NC, Danish Round<\/td><td>Sokndal<\/td><\/tr><tr><td><\/td><td>12.6. \u2013 14.6.2026<\/td><td class=\"has-text-align-left\" data-align=\"left\">NC, Norwegian Round<\/td><td>V\u00e5lerbanen<\/td><\/tr><tr><td>\u2b50<\/td><td><strong>26.6.2026<\/strong><\/td><td class=\"has-text-align-left\" data-align=\"left\"><strong>SVKMK Harjoituskilpailu<\/strong><\/td><td><strong>Botniaring<\/strong><\/td><\/tr><tr><td>\u2b50<\/td><td><strong>27.6.2026<\/strong><\/td><td class=\"has-text-align-left\" data-align=\"left\"><strong>SVKMK Ajoleiri<\/strong><\/td><td><strong>Botniaring<\/strong><\/td><\/tr><tr><td>\u2b50<\/td><td><strong>28.6.2026<\/strong><\/td><td class=\"has-text-align-left\" data-align=\"left\"><strong>SVKMK Cup Kilpailu<\/strong><\/td><td><strong>Botniaring<\/strong><\/td><\/tr><tr><td><\/td><td>07.8. \u2013 09.8.2026<\/td><td class=\"has-text-align-left\" data-align=\"left\">NC, Finnish Round, \u00c5rsRacet<\/td><td>Sviestad Motorstadion<\/td><\/tr><tr><td>\u2b50<\/td><td><strong>14.8.2026<\/strong><\/td><td class=\"has-text-align-left\" data-align=\"left\"><strong>SVKMK Cup Harjoituskilpailu<\/strong><\/td><td><strong>Kemora<\/strong><\/td><\/tr><tr><td>\u2b50<\/td><td><strong>15.8. \u2013 16.8.2026<\/strong><\/td><td class=\"has-text-align-left\" data-align=\"left\"><strong>SVKMK Cup Kilpailu<\/strong><\/td><td><strong>Kemora<\/strong><\/td><\/tr><tr><td><\/td><td>28.8. \u2013 30.8.2026<\/td><td class=\"has-text-align-left\" data-align=\"left\">NC, Swedish Round<\/td><td>Geller\u00e5sen TT<\/td><\/tr><tr><td>\u2b50<\/td><td><strong>04.9.2026<\/strong><\/td><td class=\"has-text-align-left\" data-align=\"left\"><strong>SVKMK Cup Harjoituskilpailu<\/strong><\/td><td><strong>Botniaring<\/strong><\/td><\/tr><tr><td>\u2b50<\/td><td><strong>05.9.2026<\/strong><\/td><td class=\"has-text-align-left\" data-align=\"left\"><strong>SVKMK Cup Kilpailu<\/strong><\/td><td><strong>Botniaring<\/strong><\/td><\/tr><tr><td>\u2b50<\/td><td><strong>06.9.2026<\/strong><\/td><td class=\"has-text-align-left\" data-align=\"left\"><strong>SVKMK Cup Ajoleiri<\/strong><\/td><td><strong>Botniaring<\/strong><\/td><\/tr><\/tbody><\/table><\/figure>\n\n\n\n<p><a href=\"https:\/\/svkmk.com\/wordpress\/wp-content\/uploads\/2025\/12\/SVKMK_Kilpailukalenteri_2026-v4.pdf\" target=\"_blank\" rel=\"noreferrer noopener\">Kisakalenteri_2026_pdf<\/a><\/p>\n\n\n\n<p><a href=\"https:\/\/svkmk.com\/wordpress\/wp-content\/uploads\/2026\/03\/SVKMK-kausiopas-2026_rev-4.pdf\" target=\"_blank\" rel=\"noreferrer noopener\">Kausiopas_2026_pdf<\/a><\/p>\n\n\n\n<p><strong>Harjoituskilpailu <\/strong>= SVKMK varannut radan, mutta maksu suoraan radan toimistoon.<br><strong>Ajoleiri 27.6.<\/strong> = Ajoleirimaksu SVKMK:lle.<br><strong>Ajoleiri 6.9.<\/strong> = Rata vapaa SVKMK:n j\u00e4senille.<\/p>\n<\/div>\n\n<div class=\"wp-block-post-date\"><time datetime=\"2025-12-16T11:13:12+02:00\">16.12.2025<\/time><\/div>\n<\/li><li class=\"wp-block-post post-2037 post type-post status-publish format-standard hentry category-tapahtumat\">\n<h2 class=\"wp-block-post-title\"><a href=\"https:\/\/svkmk.com\/wordpress\/2025\/08\/20\/botniaring-2025\/\" target=\"_self\" >Botniaring 2025<\/a><\/h2>\n\n\n\n<div class=\"entry-content wp-block-post-content is-layout-flow wp-block-post-content-is-layout-flow\">\n<p>Classic Circuit Racing SVKMK Cup kerhokilpailu Botniaring 5.-6.9.2025 ilmoittautuminen on alkanut 20.8.2025.<br>Liitteen\u00e4 <a href=\"https:\/\/svkmk.com\/wordpress\/wp-content\/uploads\/2025\/08\/Kutsu_Botniaring_5.-6.9.2025-1.pdf\" target=\"_blank\" rel=\"noreferrer noopener\">kutsu <\/a>ja <a href=\"https:\/\/svkmk.com\/wordpress\/wp-content\/uploads\/2025\/08\/Aikataulu_Botniaring_5.-6.9.2025-2.pdf\" target=\"_blank\" rel=\"noreferrer noopener\">aikataulu<\/a>.<\/p>\n\n\n\n<p>SVKMK Cup 2025 \/ KAUDEN P\u00c4\u00c4TT\u00c4J\u00c4ISET LAUANTAINA 6.9.2025<\/p>\n\n\n\n<p>Kauden 2025 p\u00e4\u00e4tt\u00e4j\u00e4iset Botniaringin rataravintolassa 6.9.2025 alkaen n. klo 19 iltaruokailulla<\/p>\n\n\n\n<ul class=\"wp-block-list\">\n<li>kilpailuun osallistuville kuljettajille ja toimitsijoille SVKMK tarjoaa iltaruokailun<\/li>\n\n\n\n<li>avustajat ym. henkil\u00f6t iltaruokailu omalla kustannuksella<\/li>\n\n\n\n<li>ilmoita mahdollisesta ruokarajoitteesta Timo Kokkoselle 1.9.2025 menness\u00e4<\/li>\n<\/ul>\n\n\n\n<p>Iltaohjelma alkaen noin klo 20<br>Musisointia<br>Viikonlopun kilpailun sek\u00e4 kauden palkintojen jako<br>Kiertopalkinnot jakoon<br>Yhdess\u00e4oloa ja kauden kokemusten jakoa<\/p>\n\n\n\n<p>Tervetuloa!<br>Hallitus<\/p>\n\n\n\n<p>Sunnuntaina 7.9.2025 vapaata rataharjoittelua kaikille kerhomme j\u00e4senille klo 10 &#8211; 15<\/p>\n<\/div>\n\n<div class=\"wp-block-post-date\"><time datetime=\"2025-08-20T18:32:22+03:00\">20.8.2025<\/time><\/div>\n<\/li><li class=\"wp-block-post post-1978 post type-post status-publish format-standard hentry category-tapahtumat\">\n<h2 class=\"wp-block-post-title\"><a href=\"https:\/\/svkmk.com\/wordpress\/2025\/08\/04\/linkoping-2025\/\" target=\"_self\" >Link\u00f6ping 2025<\/a><\/h2>\n\n\n\n<div class=\"entry-content wp-block-post-content is-layout-flow wp-block-post-content-is-layout-flow\">\n<p>Ruotsin legedaarinen 60-\u00c5rsracet Link\u00f6pingiss\u00e4 oli jo, mutta laitetaan nyt sent\u00e4\u00e4n linkki <a href=\"https:\/\/speedhive.mylaps.com\/events\/3148183\" target=\"_blank\" rel=\"noreferrer noopener\">tuloksiin<\/a>.<\/p>\n<\/div>\n\n<div class=\"wp-block-post-date\"><time datetime=\"2025-08-04T20:56:09+03:00\">4.8.2025<\/time><\/div>\n<\/li><li class=\"wp-block-post post-1975 post type-post status-publish format-standard hentry category-tapahtumat\">\n<h2 class=\"wp-block-post-title\"><a href=\"https:\/\/svkmk.com\/wordpress\/2025\/07\/23\/kemora-2025\/\" target=\"_self\" >Kemora 2025<\/a><\/h2>\n\n\n\n<div class=\"entry-content wp-block-post-content is-layout-flow wp-block-post-content-is-layout-flow\">\n<p>SVKMK kerhokilpailu Kemora <strong>15.-17.8.2025<\/strong> ilmoittautuminen on avautuu 28.7.2025.<br>Liitteen\u00e4 <a href=\"https:\/\/svkmk.com\/wordpress\/wp-content\/uploads\/2025\/07\/Kutsu_Kemora_15.-17.8.2025-2.pdf\" target=\"_blank\" rel=\"noreferrer noopener\">kutsu<\/a> ja <a href=\"https:\/\/svkmk.com\/wordpress\/wp-content\/uploads\/2025\/07\/Aikataulu_Kemora_15.-17.8.2025-2.pdf\" target=\"_blank\" rel=\"noreferrer noopener\">aikataulu<\/a>.<\/p>\n\n\n\n<p><\/p>\n<\/div>\n\n<div class=\"wp-block-post-date\"><time datetime=\"2025-07-23T16:01:48+03:00\">23.7.2025<\/time><\/div>\n<\/li><\/ul>\n\n<nav style=\"font-style:normal;font-weight:700;\" class=\"wp-block-query-pagination has-background has-accent-background-color is-horizontal is-content-justification-center is-layout-flex wp-container-core-query-pagination-is-layout-03627597 wp-block-query-pagination-is-layout-flex\" aria-label=\"Sivutus\">\n\n\n<div class=\"wp-block-query-pagination-numbers\"><span aria-current=\"page\" class=\"page-numbers current\">1<\/span>\n<a class=\"page-numbers\" href=\"?query-64-page=2\">2<\/a>\n<span class=\"page-numbers dots\">&hellip;<\/span>\n<a class=\"page-numbers\" href=\"?query-64-page=6\">6<\/a><\/div>\n\n<a href=\"\/wordpress\/wp-json\/wp\/v2\/pages\/48?query-64-page=2\" class=\"wp-block-query-pagination-next\">Seuraava sivu<span class='wp-block-query-pagination-next-arrow is-arrow-arrow' aria-hidden='true'>\u2192<\/span><\/a>\n<\/nav><\/div>\n\n\n\n<p><\/p>\n\n\n\n<p><\/p>\n<\/div>\n\n\n\n<p><\/p>\n<\/div>\n","protected":false},"excerpt":{"rendered":"","protected":false},"author":1,"featured_media":0,"parent":0,"menu_order":0,"comment_status":"closed","ping_status":"closed","template":"","meta":{"footnotes":""},"class_list":["post-48","page","type-page","status-publish","hentry"],"_links":{"self":[{"href":"https:\/\/svkmk.com\/wordpress\/wp-json\/wp\/v2\/pages\/48","targetHints":{"allow":["GET"]}}],"collection":[{"href":"https:\/\/svkmk.com\/wordpress\/wp-json\/wp\/v2\/pages"}],"about":[{"href":"https:\/\/svkmk.com\/wordpress\/wp-json\/wp\/v2\/types\/page"}],"author":[{"embeddable":true,"href":"https:\/\/svkmk.com\/wordpress\/wp-json\/wp\/v2\/users\/1"}],"replies":[{"embeddable":true,"href":"https:\/\/svkmk.com\/wordpress\/wp-json\/wp\/v2\/comments?post=48"}],"version-history":[{"count":36,"href":"https:\/\/svkmk.com\/wordpress\/wp-json\/wp\/v2\/pages\/48\/revisions"}],"predecessor-version":[{"id":1775,"href":"https:\/\/svkmk.com\/wordpress\/wp-json\/wp\/v2\/pages\/48\/revisions\/1775"}],"wp:attachment":[{"href":"https:\/\/svkmk.com\/wordpress\/wp-json\/wp\/v2\/media?parent=48"}],"curies":[{"name":"wp","href":"https:\/\/api.w.org\/{rel}","templated":true}]}}