{"id":34,"date":"2023-11-25T10:23:35","date_gmt":"2023-11-25T08:23:35","guid":{"rendered":"https:\/\/svkmk.com\/wordpress\/?page_id=34"},"modified":"2025-02-17T22:13:04","modified_gmt":"2025-02-17T20:13:04","slug":"tulokset","status":"publish","type":"page","link":"https:\/\/svkmk.com\/wordpress\/tulokset\/","title":{"rendered":"Tulokset"},"content":{"rendered":"\n<div class=\"wp-block-group alignwide is-layout-flow wp-block-group-is-layout-flow\" style=\"padding-top:30px;padding-right:30px;padding-bottom:30px;padding-left:30px\">\n<div class=\"wp-block-columns are-vertically-aligned-center is-layout-flex wp-container-core-columns-is-layout-28f84493 wp-block-columns-is-layout-flex\">\n<div class=\"wp-block-column is-vertically-aligned-center is-layout-flow wp-block-column-is-layout-flow\" style=\"flex-basis:100%\">\n<div class=\"wp-block-query alignwide is-layout-flow wp-block-query-is-layout-flow\">\n<div class=\"wp-block-group is-layout-flow wp-block-group-is-layout-flow\" style=\"border-style:none;border-width:0px;border-radius:0px;margin-top:0;margin-bottom:0;padding-top:0;padding-right:0;padding-bottom:0;padding-left:0\"><ul class=\"columns-1 alignfull wp-block-post-template is-layout-grid wp-container-core-post-template-is-layout-33ea06d9 wp-block-post-template-is-layout-grid\"><li class=\"wp-block-post post-2074 post type-post status-publish format-standard hentry category-tulokset\">\n\n\n\n<div class=\"wp-block-group is-vertical is-content-justification-center is-nowrap is-layout-flex wp-container-core-group-is-layout-052a73e8 wp-block-group-is-layout-flex\" style=\"border-width:1px;border-radius:14px;margin-top:0;padding-top:0\"><h2 class=\"wp-block-post-title has-large-font-size wp-container-content-32e3a40d\"><a href=\"https:\/\/svkmk.com\/wordpress\/2025\/12\/16\/classic-race-2026\/\" target=\"_self\" >Classic Race 2026<\/a><\/h2>\n\n<div class=\"wp-block-template-part\">\n<div class=\"wp-block-group has-global-padding is-layout-constrained wp-block-group-is-layout-constrained\">\n<div class=\"wp-block-group is-content-justification-left is-layout-flex wp-container-core-group-is-layout-dfe8e91f wp-block-group-is-layout-flex\"><div class=\"wp-block-post-date__modified-date wp-block-post-date\"><time datetime=\"2025-12-16T11:41:55+02:00\"><a href=\"https:\/\/svkmk.com\/wordpress\/2025\/12\/16\/classic-race-2026\/\">16.12.2025<\/a><\/time><\/div>\n\n\n\n<div class=\"taxonomy-category wp-block-post-terms\"><span class=\"wp-block-post-terms__prefix\"> <\/span><a href=\"https:\/\/svkmk.com\/wordpress\/category\/tulokset\/\" rel=\"tag\">Tulokset<\/a><\/div><\/div>\n<\/div>\n<\/div>\n\n\n<div class=\"wp-block-columns is-layout-flex wp-container-core-columns-is-layout-28f84493 wp-block-columns-is-layout-flex\">\n<div class=\"wp-block-column is-layout-flow wp-block-column-is-layout-flow\" style=\"flex-basis:100%\"><div class=\"entry-content wp-block-post-content has-text-color has-contrast-2-color has-small-font-size is-layout-flow wp-block-post-content-is-layout-flow\">\n<figure class=\"wp-block-table a { white-space: nowrap; } is-style-stripes has-medium-font-size\"><table><tbody><tr><td class=\"has-text-align-left\" data-align=\"left\">23.5. \u2013 24.5.2026<\/td><td><strong>Botniaring<\/strong><\/td><td><\/td><\/tr><tr><td class=\"has-text-align-left\" data-align=\"left\">28.6.2026<\/td><td><strong>Botniaring<\/strong><\/td><td><\/td><\/tr><tr><td class=\"has-text-align-left\" data-align=\"left\">15.8. \u2013 16.8.2026<\/td><td><strong>Kemora<\/strong><\/td><td><\/td><\/tr><tr><td class=\"has-text-align-left\" data-align=\"left\">5.9.2026<\/td><td><strong>Botniaring<\/strong><\/td><td><\/td><\/tr><tr><td class=\"has-text-align-left\" data-align=\"left\"><br><\/td><td>                        <\/td><td><\/td><\/tr><tr><td class=\"has-text-align-left\" data-align=\"left\"><strong>SVKMK Cup 2026<\/strong><\/td><td><\/td><td><\/td><\/tr><tr><td class=\"has-text-align-left\" data-align=\"left\"><strong>Nordic Champion 2026<\/strong><\/td><td><\/td><td><\/td><\/tr><\/tbody><\/table><\/figure>\n<\/div><\/div>\n<\/div>\n\n\n\n<div style=\"height:0px\" aria-hidden=\"true\" class=\"wp-block-spacer wp-container-content-32e3a40d\"><\/div>\n<\/div>\n\n<\/li><li class=\"wp-block-post post-1372 post type-post status-publish format-standard hentry category-tulokset\">\n\n\n\n<div class=\"wp-block-group is-vertical is-content-justification-center is-nowrap is-layout-flex wp-container-core-group-is-layout-052a73e8 wp-block-group-is-layout-flex\" style=\"border-width:1px;border-radius:14px;margin-top:0;padding-top:0\"><h2 class=\"wp-block-post-title has-large-font-size wp-container-content-32e3a40d\"><a href=\"https:\/\/svkmk.com\/wordpress\/2024\/10\/30\/classic-race-2025\/\" target=\"_self\" >Classic Race 2025<\/a><\/h2>\n\n<div class=\"wp-block-template-part\">\n<div class=\"wp-block-group has-global-padding is-layout-constrained wp-block-group-is-layout-constrained\">\n<div class=\"wp-block-group is-content-justification-left is-layout-flex wp-container-core-group-is-layout-dfe8e91f wp-block-group-is-layout-flex\"><div class=\"wp-block-post-date__modified-date wp-block-post-date\"><time datetime=\"2024-10-30T20:19:01+02:00\"><a href=\"https:\/\/svkmk.com\/wordpress\/2024\/10\/30\/classic-race-2025\/\">30.10.2024<\/a><\/time><\/div>\n\n\n\n<div class=\"taxonomy-category wp-block-post-terms\"><span class=\"wp-block-post-terms__prefix\"> <\/span><a href=\"https:\/\/svkmk.com\/wordpress\/category\/tulokset\/\" rel=\"tag\">Tulokset<\/a><\/div><\/div>\n<\/div>\n<\/div>\n\n\n<div class=\"wp-block-columns is-layout-flex wp-container-core-columns-is-layout-28f84493 wp-block-columns-is-layout-flex\">\n<div class=\"wp-block-column is-layout-flow wp-block-column-is-layout-flow\" style=\"flex-basis:100%\"><div class=\"entry-content wp-block-post-content has-text-color has-contrast-2-color has-small-font-size is-layout-flow wp-block-post-content-is-layout-flow\">\n<figure class=\"wp-block-table is-style-stripes has-medium-font-size\"><table><tbody><tr><td>23.5. \u2013 25.5.2025<\/td><td><strong><a href=\"https:\/\/tulosarkisto.fi\/races\/view\/958\" target=\"_blank\" rel=\"noreferrer noopener\">Botniaring<\/a><\/strong> , <a href=\"https:\/\/svkmk.com\/wordpress\/wp-content\/uploads\/2025\/05\/Class10_Race1_Results_Korjattu_2.pdf\" target=\"_blank\" rel=\"noreferrer noopener\">tasuri la<\/a> , <a href=\"https:\/\/svkmk.com\/wordpress\/wp-content\/uploads\/2025\/05\/Class10_Race2_Results.pdf\" target=\"_blank\" rel=\"noreferrer noopener\">tasuri su<\/a><\/td><td><\/td><\/tr><tr><td>27.6. \u2013 29.6.2025<\/td><td><strong><a href=\"https:\/\/svkmk.com\/wordpress\/wp-content\/uploads\/2025\/07\/botniaring\/\" target=\"_blank\" rel=\"noreferrer noopener\">Botniaring<\/a><\/strong><\/td><td><\/td><\/tr><tr><td>18.7. \u2013 20.7.2025<\/td><td><strong><a href=\"https:\/\/svkmk.com\/wordpress\/wp-content\/uploads\/2025\/07\/motopark\/\" target=\"_blank\" rel=\"noreferrer noopener\">Motopark<\/a><\/strong><\/td><td><\/td><\/tr><tr><td>15.8. \u2013 17.8.2025<\/td><td><strong><a href=\"https:\/\/svkmk.com\/wordpress\/wp-content\/uploads\/2025\/08\/kemora\/\" target=\"_blank\" rel=\"noreferrer noopener\">Kemora<\/a><\/strong><\/td><td><\/td><\/tr><tr><td>05.9. \u2013 07.9.2025<\/td><td><strong><a href=\"https:\/\/svkmk.com\/wordpress\/wp-content\/uploads\/2025\/09\/botniaring\/\" target=\"_blank\" rel=\"noreferrer noopener\">Botniaring<\/a><\/strong><\/td><td><\/td><\/tr><tr><td><\/td><td><\/td><td><\/td><\/tr><tr><td><a href=\"https:\/\/svkmk.com\/wordpress\/wp-content\/uploads\/2025\/09\/SVKMK_Cup_2025-8.pdf\" target=\"_blank\" rel=\"noreferrer noopener\"><strong>SVKMK Cup 2025<\/strong><\/a><\/td><td><\/td><td><\/td><\/tr><tr><td><a href=\"https:\/\/svkmk.com\/wordpress\/wp-content\/uploads\/2025\/09\/Nordic_CHAMPIONSHIP_2025_FinalVER2.pdf\" target=\"_blank\" rel=\"noreferrer noopener\"><strong>Nordic Champion 2025<\/strong><\/a><\/td><td><\/td><td><\/td><\/tr><tr><td><a href=\"https:\/\/svkmk.com\/wordpress\/wp-content\/uploads\/2025\/09\/Nordic_OPEN_2025_Final.pdf\" target=\"_blank\" rel=\"noreferrer noopener\"><strong>Nordic Open 2025<\/strong><\/a><\/td><td><\/td><td><\/td><\/tr><\/tbody><\/table><\/figure>\n\n\n\n<p>Kilpailujen tarkempia tuloksia yleisen Arkiston kautta <a href=\"https:\/\/svkmk.com\/arkisto\/yleinen\/tuloksia\/2025\/\" target=\"_blank\" rel=\"noreferrer noopener\">t\u00e4\u00e4lt\u00e4<\/a>.<\/p>\n<\/div><\/div>\n<\/div>\n\n\n\n<div style=\"height:0px\" aria-hidden=\"true\" class=\"wp-block-spacer wp-container-content-32e3a40d\"><\/div>\n<\/div>\n\n<\/li><li class=\"wp-block-post post-843 post type-post status-publish format-standard hentry category-tulokset\">\n\n\n\n<div class=\"wp-block-group is-vertical is-content-justification-center is-nowrap is-layout-flex wp-container-core-group-is-layout-052a73e8 wp-block-group-is-layout-flex\" style=\"border-width:1px;border-radius:14px;margin-top:0;padding-top:0\"><h2 class=\"wp-block-post-title has-large-font-size wp-container-content-32e3a40d\"><a href=\"https:\/\/svkmk.com\/wordpress\/2024\/01\/22\/classic-race-2024\/\" target=\"_self\" >Classic Race 2024<\/a><\/h2>\n\n<div class=\"wp-block-template-part\">\n<div class=\"wp-block-group has-global-padding is-layout-constrained wp-block-group-is-layout-constrained\">\n<div class=\"wp-block-group is-content-justification-left is-layout-flex wp-container-core-group-is-layout-dfe8e91f wp-block-group-is-layout-flex\"><div class=\"wp-block-post-date__modified-date wp-block-post-date\"><time datetime=\"2024-01-22T22:05:15+02:00\"><a href=\"https:\/\/svkmk.com\/wordpress\/2024\/01\/22\/classic-race-2024\/\">22.1.2024<\/a><\/time><\/div>\n\n\n\n<div class=\"taxonomy-category wp-block-post-terms\"><span class=\"wp-block-post-terms__prefix\"> <\/span><a href=\"https:\/\/svkmk.com\/wordpress\/category\/tulokset\/\" rel=\"tag\">Tulokset<\/a><\/div><\/div>\n<\/div>\n<\/div>\n\n\n<div class=\"wp-block-columns is-layout-flex wp-container-core-columns-is-layout-28f84493 wp-block-columns-is-layout-flex\">\n<div class=\"wp-block-column is-layout-flow wp-block-column-is-layout-flow\" style=\"flex-basis:100%\"><div class=\"entry-content wp-block-post-content has-text-color has-contrast-2-color has-small-font-size is-layout-flow wp-block-post-content-is-layout-flow\">\n<figure class=\"wp-block-table is-style-stripes has-medium-font-size\"><table><tbody><tr><td>24.-26.5.2024 <strong>Botniaring<\/strong>, <a href=\"https:\/\/tulosarkisto.fi\/races\/view\/766\" target=\"_blank\" rel=\"noreferrer noopener\">tulokset<\/a><\/td><td><\/td><td><\/td><td><\/td><td><\/td><\/tr><tr><td>23.6.2024 <strong>Botniaring<\/strong>, <a href=\"https:\/\/svkmk.com\/wordpress\/wp-content\/uploads\/2024\/07\/KILPAILU-1-1-PRE48-CL1757B-RaceReduced.pdf\" target=\"_blank\" rel=\"noreferrer noopener\">kisa1<\/a>, <a href=\"https:\/\/svkmk.com\/wordpress\/wp-content\/uploads\/2024\/07\/KILPAILU-1-2-TASANOPEUS-LaptimesReduced.pdf\" target=\"_blank\" rel=\"noreferrer noopener\">kisa2<\/a>, <a href=\"https:\/\/svkmk.com\/wordpress\/wp-content\/uploads\/2024\/07\/KILPAILU-1-3-F1-F2-GP-CSB-RaceReduced.pdf\" target=\"_blank\" rel=\"noreferrer noopener\">kisa3<\/a>, <a href=\"https:\/\/svkmk.com\/wordpress\/wp-content\/uploads\/2024\/07\/KILPAILU-1-4-CL500-CL250-7A-RaceReduced.pdf\" target=\"_blank\" rel=\"noreferrer noopener\">kisa4<\/a>, <a href=\"https:\/\/svkmk.com\/wordpress\/wp-content\/uploads\/2024\/07\/KILPAILU-1-5-CL750-CL350-RaceReduced.pdf\" target=\"_blank\" rel=\"noreferrer noopener\">kisa5<\/a>, <a href=\"https:\/\/svkmk.com\/wordpress\/wp-content\/uploads\/2024\/07\/TASATULOS.pdf\" target=\"_blank\" rel=\"noreferrer noopener\">tasanopeus<\/a><\/td><td><\/td><td><\/td><td><\/td><td><\/td><\/tr><tr><td>19.-21.7.2024 <strong>Kemora<\/strong>, <a href=\"https:\/\/svkmk.com\/wordpress\/wp-content\/uploads\/2024\/07\/kemora_07\/\" target=\"_blank\" rel=\"noreferrer noopener\">tulokset<\/a><\/td><td><\/td><td><\/td><td><\/td><td><\/td><\/tr><tr><td>16.-18.8.2024 <strong>Kemora<\/strong>, <a href=\"https:\/\/svkmk.com\/wordpress\/wp-content\/uploads\/2024\/08\/kisat\/\" target=\"_blank\" rel=\"noreferrer noopener\">tulokset<\/a><\/td><td><\/td><td><\/td><td><\/td><td><\/td><\/tr><tr><td>06.-08.9.2024 <strong>Botniaring<\/strong>, <a href=\"https:\/\/svkmk.com\/wordpress\/wp-content\/uploads\/2024\/09\/\" target=\"_blank\" rel=\"noreferrer noopener\">tulokset<\/a><\/td><td><\/td><td><\/td><td><\/td><td><\/td><\/tr><tr><td><\/td><td><\/td><td><\/td><td><\/td><td><\/td><\/tr><tr><td><strong><a href=\"https:\/\/svkmk.com\/wordpress\/wp-content\/uploads\/2024\/09\/SVKMK_Cup_2024.pdf\" target=\"_blank\" rel=\"noreferrer noopener\">SVKMK Cup 2024<\/a><\/strong><\/td><td><\/td><td><\/td><td><\/td><td><\/td><\/tr><tr><td><strong><a href=\"https:\/\/svkmk.com\/wordpress\/wp-content\/uploads\/2024\/09\/Nordic_CHAMP_2024_Final_results.pdf\" target=\"_blank\" rel=\"noreferrer noopener\">Nordic Champion 2024<\/a><\/strong><\/td><td><\/td><td><\/td><td><\/td><td><\/td><\/tr><tr><td><strong><a href=\"https:\/\/2507a7aacd.clvaw-cdnwnd.com\/71ba29bd855e1a3b045c4dcda23bb305\/200000189-cba62cba64\/_Nordic_OPEN_2024_Final_results-5.pdf?ph=2507a7aacd\" target=\"_blank\" rel=\"noreferrer noopener\">Nordic Open 2024<\/a><\/strong><\/td><td><\/td><td><\/td><td><\/td><td><\/td><\/tr><tr><td><\/td><td><\/td><td><\/td><td><\/td><td><\/td><\/tr><\/tbody><\/table><\/figure>\n<\/div><\/div>\n<\/div>\n\n\n\n<div style=\"height:0px\" aria-hidden=\"true\" class=\"wp-block-spacer wp-container-content-32e3a40d\"><\/div>\n<\/div>\n\n<\/li><li class=\"wp-block-post post-557 post type-post status-publish format-standard hentry category-tulokset\">\n\n\n\n<div class=\"wp-block-group is-vertical is-content-justification-center is-nowrap is-layout-flex wp-container-core-group-is-layout-052a73e8 wp-block-group-is-layout-flex\" style=\"border-width:1px;border-radius:14px;margin-top:0;padding-top:0\"><h2 class=\"wp-block-post-title has-large-font-size wp-container-content-32e3a40d\"><a href=\"https:\/\/svkmk.com\/wordpress\/2023\/12\/28\/tulokset-2023\/\" target=\"_self\" >Classic Race 2023\u00a0<\/a><\/h2>\n\n<div class=\"wp-block-template-part\">\n<div class=\"wp-block-group has-global-padding is-layout-constrained wp-block-group-is-layout-constrained\">\n<div class=\"wp-block-group is-content-justification-left is-layout-flex wp-container-core-group-is-layout-dfe8e91f wp-block-group-is-layout-flex\"><div class=\"wp-block-post-date__modified-date wp-block-post-date\"><time datetime=\"2023-12-28T21:56:47+02:00\"><a href=\"https:\/\/svkmk.com\/wordpress\/2023\/12\/28\/tulokset-2023\/\">28.12.2023<\/a><\/time><\/div>\n\n\n\n<div class=\"taxonomy-category wp-block-post-terms\"><span class=\"wp-block-post-terms__prefix\"> <\/span><a href=\"https:\/\/svkmk.com\/wordpress\/category\/tulokset\/\" rel=\"tag\">Tulokset<\/a><\/div><\/div>\n<\/div>\n<\/div>\n\n\n<div class=\"wp-block-columns is-layout-flex wp-container-core-columns-is-layout-28f84493 wp-block-columns-is-layout-flex\">\n<div class=\"wp-block-column is-layout-flow wp-block-column-is-layout-flow\" style=\"flex-basis:100%\"><div class=\"entry-content wp-block-post-content has-text-color has-contrast-2-color has-small-font-size is-layout-flow wp-block-post-content-is-layout-flow\">\n<p><strong>Tulokset<\/strong><\/p>\n\n\n\n<figure class=\"wp-block-table is-style-stripes\"><table><tbody><tr><td><\/td><td><\/td><td colspan=\"2\"><strong>Botniaring 27-28.05.2023 Classic PM&nbsp;&nbsp;&nbsp;<a target=\"_blank\" href=\"https:\/\/svkmk.com\/tulokset2023\/pm_botnia_23\/pm_05.2023_race1.pdf\" rel=\"noreferrer noopener\">Race1&nbsp;&nbsp;<\/a>&nbsp;<a target=\"_blank\" href=\"https:\/\/svkmk.com\/tulokset2023\/pm_botnia_23\/pm_05.2023_race2.pdf\" rel=\"noreferrer noopener\">Race2<\/a><\/strong><\/td><td><\/td><\/tr><tr><td><\/td><td><\/td><td colspan=\"2\">&nbsp;<\/td><td><\/td><\/tr><tr><td><\/td><td><\/td><td colspan=\"2\"><strong>Botniaring 25.06.2023 kerhokilpailu&nbsp;<a target=\"_blank\" href=\"https:\/\/svkmk.com\/tulokset2023\/tulokset_juhannus_23\/\" rel=\"noreferrer noopener\">Race<\/a><\/strong><\/td><td><\/td><\/tr><tr><td><\/td><td><\/td><td colspan=\"2\">&nbsp;<\/td><td><\/td><\/tr><tr><td><\/td><td><\/td><td colspan=\"2\"><strong>Botniaring<\/strong>&nbsp;<strong>21-23.07.2023 kerhokilpailu&nbsp;<a href=\"https:\/\/svkmk.com\/tulokset2023\/botnia_7_23\/race_1\/\" target=\"_blank\" rel=\"noreferrer noopener\">Race1<\/a>&nbsp;&nbsp;<a href=\"https:\/\/svkmk.com\/tulokset2023\/botnia_7_23\/race_2\/\" target=\"_blank\" rel=\"noreferrer noopener\">Race2<\/a><\/strong><\/td><td><\/td><\/tr><tr><td><\/td><td><\/td><td colspan=\"2\">&nbsp;<\/td><td><\/td><\/tr><tr><td><\/td><td><\/td><td colspan=\"2\"><strong>Alastaro 18-20.08.2023 kerhokilpailu<\/strong>&nbsp;<strong><a href=\"https:\/\/svkmk.com\/tulokset2023\/alastaro_8_23\/race_1\/\" target=\"_blank\" rel=\"noreferrer noopener\">Race1<\/a>&nbsp;&nbsp;&nbsp;&nbsp;<a href=\"https:\/\/svkmk.com\/tulokset2023\/alastaro_8_23\/race_2\/\" target=\"_blank\" rel=\"noreferrer noopener\">Race2<\/a><\/strong><\/td><td><\/td><\/tr><tr><td><\/td><td><\/td><td colspan=\"2\">&nbsp;<\/td><td><\/td><\/tr><tr><td><\/td><td><\/td><td colspan=\"2\"><strong>Botniaring 08-09.09.2023 kerhokilpailu&nbsp;&nbsp;&nbsp;<a target=\"_blank\" href=\"https:\/\/svkmk.com\/tulokset2023\/botnia_9\/\" rel=\"noreferrer noopener\">Race<\/a><\/strong><\/td><td><\/td><\/tr><tr><td><\/td><td><\/td><td><\/td><td><\/td><td><\/td><\/tr><tr><td><\/td><td><\/td><td colspan=\"2\">&nbsp;<\/td><td><\/td><\/tr><tr><td><\/td><td><\/td><td><\/td><td><\/td><td><\/td><\/tr><tr><td><\/td><td><\/td><td colspan=\"2\"><strong><a target=\"_blank\" href=\"https:\/\/svkmk.com\/tulokset2023\/SVKMK_Cup_2023.pdf\" rel=\"noreferrer noopener\">SVKMK Cup 2023<\/a><\/strong><\/td><td><\/td><\/tr><tr><td><\/td><td><\/td><td colspan=\"2\"><strong><a href=\"https:\/\/svkmk.com\/tulokset2023\/_Nordic_CHAMP_2023.pdf\" target=\"_blank\" rel=\"noreferrer noopener\">Nordic Champion 2023<\/a><\/strong><\/td><td><\/td><\/tr><tr><td><\/td><td><\/td><td colspan=\"2\"><strong><a target=\"_blank\" href=\"https:\/\/svkmk.com\/tulokset2023\/_Nordic_OPEN_2023.pdf\" rel=\"noreferrer noopener\">Nordic Open 2023<\/a><\/strong><\/td><td><\/td><\/tr><tr><td><\/td><td><\/td><td colspan=\"2\">&nbsp;<\/td><td><\/td><\/tr><tr><td><\/td><td><\/td><td colspan=\"2\">&nbsp;<\/td><td><\/td><\/tr><tr><td><\/td><td><\/td><td colspan=\"2\"><\/td><td><\/td><\/tr><\/tbody><\/table><\/figure>\n\n\n\n<p><strong><a href=\"https:\/\/svkmk.com\/tulokset22.htm\">Tulokset 2022<\/a><\/strong><\/p>\n<\/div><\/div>\n<\/div>\n\n\n\n<div style=\"height:0px\" aria-hidden=\"true\" class=\"wp-block-spacer wp-container-content-32e3a40d\"><\/div>\n<\/div>\n\n<\/li><\/ul>\n\n\n<div style=\"margin-top:0;margin-bottom:0;height:var(--wp--preset--spacing--40)\" aria-hidden=\"true\" class=\"wp-block-spacer\"><\/div>\n\n\n<\/div>\n<\/div>\n<\/div>\n<\/div>\n<\/div>\n\n\n\n<p><\/p>\n","protected":false},"excerpt":{"rendered":"","protected":false},"author":1,"featured_media":0,"parent":0,"menu_order":0,"comment_status":"closed","ping_status":"closed","template":"","meta":{"footnotes":""},"class_list":["post-34","page","type-page","status-publish","hentry"],"_links":{"self":[{"href":"https:\/\/svkmk.com\/wordpress\/wp-json\/wp\/v2\/pages\/34","targetHints":{"allow":["GET"]}}],"collection":[{"href":"https:\/\/svkmk.com\/wordpress\/wp-json\/wp\/v2\/pages"}],"about":[{"href":"https:\/\/svkmk.com\/wordpress\/wp-json\/wp\/v2\/types\/page"}],"author":[{"embeddable":true,"href":"https:\/\/svkmk.com\/wordpress\/wp-json\/wp\/v2\/users\/1"}],"replies":[{"embeddable":true,"href":"https:\/\/svkmk.com\/wordpress\/wp-json\/wp\/v2\/comments?post=34"}],"version-history":[{"count":16,"href":"https:\/\/svkmk.com\/wordpress\/wp-json\/wp\/v2\/pages\/34\/revisions"}],"predecessor-version":[{"id":1774,"href":"https:\/\/svkmk.com\/wordpress\/wp-json\/wp\/v2\/pages\/34\/revisions\/1774"}],"wp:attachment":[{"href":"https:\/\/svkmk.com\/wordpress\/wp-json\/wp\/v2\/media?parent=34"}],"curies":[{"name":"wp","href":"https:\/\/api.w.org\/{rel}","templated":true}]}}