{"id":213,"date":"2023-11-29T18:26:11","date_gmt":"2023-11-29T16:26:11","guid":{"rendered":"https:\/\/svkmk.com\/wordpress\/?page_id=213"},"modified":"2026-01-26T17:25:15","modified_gmt":"2026-01-26T15:25:15","slug":"lomakkeita","status":"publish","type":"page","link":"https:\/\/svkmk.com\/wordpress\/lomakkeita\/","title":{"rendered":"Lomakkeita"},"content":{"rendered":"\n<div class=\"wp-block-group alignwide has-global-padding is-layout-constrained wp-container-core-group-is-layout-543ad1bb wp-block-group-is-layout-constrained\" style=\"margin-top:0;margin-bottom:0;padding-top:0;padding-right:var(--wp--preset--spacing--10);padding-bottom:0;padding-left:var(--wp--preset--spacing--10)\">\n<div class=\"wp-block-group has-global-padding is-layout-constrained wp-container-core-group-is-layout-650790e1 wp-block-group-is-layout-constrained\">\n<p class=\"has-text-align-center has-medium-font-size\">T\u00e4lt\u00e4 sivulta l\u00f6ytyv\u00e4t lomakkeet ovat PDF-muodossa.<a href=\"http:\/\/www.adobe.fi\/products\/acrobat\/readstep2.html\" target=\"_blank\" rel=\"noreferrer noopener\"><br><\/a>Lomakkeet ovat siis paperille tulostettavia. S\u00e4hk\u00f6inen j\u00e4senhakemus l\u00f6ytyy&nbsp;<a href=\"https:\/\/svkmk.com\/wordpress\/liittyminen\/\" data-type=\"page\" data-id=\"71\">t\u00e4st\u00e4<\/a>.<\/p>\n<\/div>\n<\/div>\n\n\n\n<div class=\"wp-block-group alignfull has-base-color has-base-background-color has-text-color has-background has-link-color has-medium-font-size wp-elements-59eae7146356ba60c25f6a0ab23326f5 has-global-padding is-layout-constrained wp-container-core-group-is-layout-34173abb wp-block-group-is-layout-constrained\" style=\"border-style:none;border-width:0px;border-radius:0px;margin-top:0;margin-bottom:0;padding-top:var(--wp--preset--spacing--40);padding-right:var(--wp--preset--spacing--30);padding-bottom:var(--wp--preset--spacing--40);padding-left:var(--wp--preset--spacing--30)\">\n<div class=\"wp-block-group lomakkeita-box has-base-2-color has-text-color has-background has-link-color wp-elements-011f30f6817104ea65a0c0aa72514457 has-global-padding is-content-justification-center is-layout-constrained wp-container-core-group-is-layout-edf83851 wp-block-group-is-layout-constrained\" style=\"background-color:#dce7f0;padding-top:var(--wp--preset--spacing--30);padding-right:var(--wp--preset--spacing--30);padding-bottom:var(--wp--preset--spacing--30);padding-left:var(--wp--preset--spacing--30)\">\n<p class=\"has-base-2-color has-text-color has-link-color wp-elements-dbf5de15c2be39fc5509ce9be3cc8fee\"><strong>SVKMK:n<\/strong>\u00a0\u00a0<a href=\"https:\/\/svkmk.com\/wordpress\/wp-content\/uploads\/2026\/01\/Nordic-Applikation-ID-Card-hakemus-2026_1.pdf\" target=\"_blank\" rel=\"noreferrer noopener\">Konekorttihakemus\u00a0<\/a><\/p>\n\n\n\n<p class=\"has-base-2-color has-text-color has-link-color wp-elements-03f2b8a6e8901c82e190065e4b104011\"><strong>SVKMK:n<\/strong>&nbsp;<a href=\"https:\/\/svkmk.com\/wordpress\/wp-content\/uploads\/2025\/03\/Konekorttihakemuksen-tayttoohje-2025_1.pdf\" data-type=\"attachment\" data-id=\"717\" target=\"_blank\" rel=\"noreferrer noopener\">konekorttihakemuksen t\u00e4ytt\u00f6ohje<\/a> ja <a href=\"https:\/\/svkmk.com\/wordpress\/wp-content\/uploads\/2024\/03\/morad_ts_sections.jpg\">vanteiden mitat<\/a><\/p>\n\n\n\n<p class=\"has-base-2-color has-text-color has-link-color wp-elements-747ec68a6e32518f74c779142f5a22d4\"><strong>SVKMK:n<\/strong>&nbsp;&nbsp;<a href=\"https:\/\/svkmk.com\/wordpress\/wp-content\/uploads\/2026\/01\/SVKMK-Matkalasku-2026.pdf\" target=\"_blank\" rel=\"noreferrer noopener\">matkalasku<\/a><\/p>\n\n\n\n<p><strong>SVKMK:n<\/strong>  <a href=\"https:\/\/svkmk.com\/wordpress\/wp-content\/uploads\/2024\/03\/Yhteistyosopimus.pdf\" target=\"_blank\" rel=\"noreferrer noopener\">yhteisty\u00f6sopimus<\/a><\/p>\n\n\n\n<p>Ajantasainen <a href=\"https:\/\/svkmk.com\/wordpress\/wp-content\/uploads\/2025\/04\/Siirtoliikennevakuutuksen-hakeminen-4.2025-1.pdf\" target=\"_blank\" rel=\"noreferrer noopener\">ohje <strong>siirtoliikennevakuutuksen<\/strong> hakemiseen<\/a><\/p>\n\n\n\n<p><strong>N\u00e4yt\u00f6sajojen <\/strong><a href=\"https:\/\/svkmk.com\/wordpress\/wp-content\/uploads\/2025\/04\/naytosajo.pdf\" target=\"_blank\" rel=\"noreferrer noopener\">ilmoittautumislomake<\/a><\/p>\n<\/div>\n<\/div>\n","protected":false},"excerpt":{"rendered":"<p>T\u00e4lt\u00e4 sivulta l\u00f6ytyv\u00e4t lomakkeet ovat PDF-muodossa.Lomakkeet ovat siis paperille tulostettavia. S\u00e4hk\u00f6inen j\u00e4senhakemus l\u00f6ytyy&nbsp;t\u00e4st\u00e4. SVKMK:n\u00a0\u00a0Konekorttihakemus\u00a0 SVKMK:n&nbsp;konekorttihakemuksen t\u00e4ytt\u00f6ohje ja vanteiden mitat SVKMK:n&nbsp;&nbsp;matkalasku SVKMK:n yhteisty\u00f6sopimus Ajantasainen ohje siirtoliikennevakuutuksen hakemiseen N\u00e4yt\u00f6sajojen ilmoittautumislomake<\/p>\n","protected":false},"author":1,"featured_media":0,"parent":0,"menu_order":0,"comment_status":"closed","ping_status":"closed","template":"","meta":{"footnotes":""},"class_list":["post-213","page","type-page","status-publish","hentry"],"_links":{"self":[{"href":"https:\/\/svkmk.com\/wordpress\/wp-json\/wp\/v2\/pages\/213","targetHints":{"allow":["GET"]}}],"collection":[{"href":"https:\/\/svkmk.com\/wordpress\/wp-json\/wp\/v2\/pages"}],"about":[{"href":"https:\/\/svkmk.com\/wordpress\/wp-json\/wp\/v2\/types\/page"}],"author":[{"embeddable":true,"href":"https:\/\/svkmk.com\/wordpress\/wp-json\/wp\/v2\/users\/1"}],"replies":[{"embeddable":true,"href":"https:\/\/svkmk.com\/wordpress\/wp-json\/wp\/v2\/comments?post=213"}],"version-history":[{"count":33,"href":"https:\/\/svkmk.com\/wordpress\/wp-json\/wp\/v2\/pages\/213\/revisions"}],"predecessor-version":[{"id":2242,"href":"https:\/\/svkmk.com\/wordpress\/wp-json\/wp\/v2\/pages\/213\/revisions\/2242"}],"wp:attachment":[{"href":"https:\/\/svkmk.com\/wordpress\/wp-json\/wp\/v2\/media?parent=213"}],"curies":[{"name":"wp","href":"https:\/\/api.w.org\/{rel}","templated":true}]}}