{"id":206,"date":"2023-11-29T16:37:46","date_gmt":"2023-11-29T14:37:46","guid":{"rendered":"https:\/\/svkmk.com\/wordpress\/?page_id=206"},"modified":"2026-02-25T13:12:00","modified_gmt":"2026-02-25T11:12:00","slug":"linkit","status":"publish","type":"page","link":"https:\/\/svkmk.com\/wordpress\/linkit\/","title":{"rendered":"Linkit"},"content":{"rendered":"\n<p class=\"has-text-align-center linkit-style has-background has-medium-font-size\" style=\"background-color:#dce7f0;padding-top:var(--wp--preset--spacing--30);padding-right:0;padding-bottom:var(--wp--preset--spacing--30);padding-left:0\"><strong><a href=\"http:\/\/www.vmpk.fi\/\" target=\"_blank\" rel=\"noreferrer noopener\">Veteraanimoottoripy\u00f6r\u00e4klubi<br><\/a><a href=\"http:\/\/www.srra.fi\/\" target=\"_blank\" rel=\"noreferrer noopener\">Suomen RoadRacing ajajat<\/a><br><a href=\"https:\/\/www.moottoriliitto.fi\/\" target=\"_blank\" rel=\"noreferrer noopener\">Suomen Moottoriliitto<\/a><br><a href=\"http:\/\/www.mansenmasinistit.fi\/\" target=\"_blank\" rel=\"noreferrer noopener\">Mansen Masinistit<\/a><br><a href=\"http:\/\/www.lannenlokarit.fi\/\" target=\"_blank\" rel=\"noreferrer noopener\">L\u00e4nnenlokarit<\/a><strong><br><\/strong><a href=\"https:\/\/www.daytonacircuit.fi\/\" target=\"_blank\" rel=\"noreferrer noopener\">Akaa Daytona<\/a><br><\/strong><a href=\"http:\/\/www.motopark.fi\/\" target=\"_blank\" rel=\"noreferrer noopener\"><strong>Motopark<\/strong><\/a><strong><br><a href=\"http:\/\/www.alastarocircuit.fi\/\" target=\"_blank\" rel=\"noreferrer noopener\">Alastaro<\/a><br><a href=\"https:\/\/www.kymiring.fi\/\" target=\"_blank\" rel=\"noreferrer noopener\">Kymiring<\/a><br><a href=\"http:\/\/www.kemora.fi\/\" target=\"_blank\" rel=\"noreferrer noopener\">Kemora<\/a><br><\/strong><a href=\"http:\/\/www.botniaring.fi\/\" target=\"_blank\" rel=\"noreferrer noopener\"><strong>Botniaring<\/strong><\/a><strong><br><a href=\"http:\/\/www.pesamaki.fi\/\" target=\"_blank\" rel=\"noreferrer noopener\">Pes\u00e4m\u00e4ki<\/a><br><a href=\"http:\/\/www.kumamo.fi\/\" target=\"_blank\" rel=\"noreferrer noopener\">Kurikan Matkamotoristit<\/a><br><a href=\"http:\/\/www.imk.fi\/\" target=\"_blank\" rel=\"noreferrer noopener\">Imatran Mottorikerho<\/a><br><a href=\"http:\/\/www.turunmoottorikerho.fi\/\" target=\"_blank\" rel=\"noreferrer noopener\">Turun Moottorikerho<\/a><br><a href=\"http:\/\/www.orivedenmoottorikerho.com\/\" target=\"_blank\" rel=\"noreferrer noopener\">Oriveden Moottorikerho<\/a><br><a href=\"http:\/\/www.helrc.com\/\" target=\"_blank\" rel=\"noreferrer noopener\">Helsinki Racing Club<\/a><br><a href=\"http:\/\/www.wcrc.fi\/\" target=\"_blank\" rel=\"noreferrer noopener\">West Coast Racing Club<\/a><br><a href=\"http:\/\/porinmoottorikerho.fi\/\" target=\"_blank\" rel=\"noreferrer noopener\">Porin Moottorikerho<\/a><br><a href=\"http:\/\/www.mp-tuki.fi\/\" target=\"_blank\" rel=\"noreferrer noopener\">MP-tuki<br><\/a><a href=\"https:\/\/www.classicmotocross.fi\/\" target=\"_blank\" rel=\"noreferrer noopener\">Classic Motocross Finland<\/a><\/strong><br><strong><a href=\"https:\/\/www.svemo.se\/vara-sportgrenar\/start-roadracing\/tavla-i-roadracing\/starting-numbers-in-english-roadracing\" target=\"_blank\" rel=\"noreferrer noopener\">Svemo TA<\/a><\/strong> (PM kilpailijanumerot)<strong><br><a href=\"http:\/\/www.mchk-racing.org\/\" target=\"_blank\" rel=\"noreferrer noopener\">MCHK Ruotsi<\/a><\/strong><strong><a href=\"http:\/\/www.mchk-racing.org\/\" target=\"_blank\" rel=\"noreferrer noopener\"><br><\/a><a href=\"http:\/\/www.crc.no\/\" target=\"_blank\" rel=\"noreferrer noopener\">CRC Norja<\/a><br><\/strong><a href=\"https:\/\/msport.ee\/\" target=\"_blank\" rel=\"noreferrer noopener\"><strong>EMF Eesti<\/strong><\/a><strong><br><a href=\"https:\/\/dmusport.dk\/road-racing\/\" target=\"_blank\" rel=\"noreferrer noopener\">DMU Tanska<\/a><\/strong><br><br><strong><a href=\"http:\/\/www.classic-motorrad.de\/classifieds\/\" target=\"_blank\" rel=\"noreferrer noopener nofollow\">classic-motorrad.de<\/a><br><\/strong><a href=\"http:\/\/www.kakeh.com\/\" target=\"_blank\" rel=\"noreferrer noopener\"><strong>Kaken kuvasivut, paljon vanhoja TT kuvia<\/strong><\/a><strong><br><a href=\"http:\/\/www.urheilukuvat.net\/Moottoriurheilu\/N%C3%A4yt%C3%B6sajot\" target=\"_blank\" rel=\"noreferrer noopener\">Classic kuvia (urheilukuvat.net)<\/a><br><a href=\"http:\/\/pd.kuvat.fi\/#\/kuvat\/\" target=\"_blank\" rel=\"noreferrer noopener\">pd.<\/a><a href=\"http:\/\/pd.kuvat.fi\/kuvat\/\" target=\"_blank\" rel=\"noreferrer noopener\">kuvat <\/a><a href=\"http:\/\/pd.kuvat.fi\/#\/kuvat\/\" target=\"_blank\" rel=\"noreferrer noopener\">.fi<\/a><br><\/strong><a href=\"https:\/\/rk.kuvat.fi\/kuvat\/\" target=\"_blank\" rel=\"noreferrer noopener\"><strong>rk-kuvat.fi<\/strong><\/a><br><a href=\"http:\/\/www.crrc.dk\/\" target=\"_blank\" rel=\"noreferrer noopener\"><strong>www.crrc.dk<\/strong><\/a><strong><a href=\"https:\/\/www.gp503.de\/\" target=\"_blank\" rel=\"noreferrer noopener\"><\/a><\/strong>(kalenteri)<strong><a href=\"https:\/\/www.gp503.de\/\" target=\"_blank\" rel=\"noreferrer noopener\"><br>gp503.de <\/a><\/strong>(renkaita)<br><a href=\"https:\/\/scorit.live\/\" target=\"_blank\" rel=\"noreferrer noopener\"><strong>scorit.live<\/strong><\/a> (livetuloksia)<br><br><strong><a href=\"https:\/\/liipo.fi\" target=\"_blank\" rel=\"noreferrer noopener\">liipo.fi<\/a><\/strong> (vahinkolautakunta)<\/p>\n","protected":false},"excerpt":{"rendered":"<p>Veteraanimoottoripy\u00f6r\u00e4klubiSuomen RoadRacing ajajatSuomen MoottoriliittoMansen MasinistitL\u00e4nnenlokaritAkaa DaytonaMotoparkAlastaroKymiringKemoraBotniaringPes\u00e4m\u00e4kiKurikan MatkamotoristitImatran MottorikerhoTurun MoottorikerhoOriveden MoottorikerhoHelsinki Racing ClubWest Coast Racing ClubPorin MoottorikerhoMP-tukiClassic Motocross FinlandSvemo TA (PM kilpailijanumerot)MCHK RuotsiCRC NorjaEMF EestiDMU Tanska classic-motorrad.deKaken kuvasivut, paljon vanhoja TT kuviaClassic kuvia (urheilukuvat.net)pd.kuvat .firk-kuvat.fiwww.crrc.dk(kalenteri)gp503.de (renkaita)scorit.live (livetuloksia) liipo.fi (vahinkolautakunta)<\/p>\n","protected":false},"author":1,"featured_media":0,"parent":0,"menu_order":0,"comment_status":"closed","ping_status":"closed","template":"","meta":{"footnotes":""},"class_list":["post-206","page","type-page","status-publish","hentry"],"_links":{"self":[{"href":"https:\/\/svkmk.com\/wordpress\/wp-json\/wp\/v2\/pages\/206","targetHints":{"allow":["GET"]}}],"collection":[{"href":"https:\/\/svkmk.com\/wordpress\/wp-json\/wp\/v2\/pages"}],"about":[{"href":"https:\/\/svkmk.com\/wordpress\/wp-json\/wp\/v2\/types\/page"}],"author":[{"embeddable":true,"href":"https:\/\/svkmk.com\/wordpress\/wp-json\/wp\/v2\/users\/1"}],"replies":[{"embeddable":true,"href":"https:\/\/svkmk.com\/wordpress\/wp-json\/wp\/v2\/comments?post=206"}],"version-history":[{"count":30,"href":"https:\/\/svkmk.com\/wordpress\/wp-json\/wp\/v2\/pages\/206\/revisions"}],"predecessor-version":[{"id":2334,"href":"https:\/\/svkmk.com\/wordpress\/wp-json\/wp\/v2\/pages\/206\/revisions\/2334"}],"wp:attachment":[{"href":"https:\/\/svkmk.com\/wordpress\/wp-json\/wp\/v2\/media?parent=206"}],"curies":[{"name":"wp","href":"https:\/\/api.w.org\/{rel}","templated":true}]}}