{"id":189,"date":"2023-11-27T16:10:50","date_gmt":"2023-11-27T14:10:50","guid":{"rendered":"https:\/\/svkmk.com\/wordpress\/?page_id=189"},"modified":"2025-12-11T13:27:46","modified_gmt":"2025-12-11T11:27:46","slug":"osto-ja-myynti","status":"publish","type":"page","link":"https:\/\/svkmk.com\/wordpress\/osto-ja-myynti\/","title":{"rendered":"Osto ja myynti"},"content":{"rendered":"\n<hr class=\"wp-block-separator has-alpha-channel-opacity is-style-wide\"\/>\n\n\n\n<p class=\"has-accent-background-color has-background\" style=\"border-top-left-radius:19px;border-top-right-radius:19px;border-bottom-left-radius:19px;border-bottom-right-radius:19px\">Ilmoituksen lis\u00e4\u00e4minen\/poistaminen : laita s\u00e4hk\u00f6postia hallituksen web-sivuista vastaavalle<\/p>\n\n\n\n<div class=\"wp-block-query is-layout-flow wp-block-query-is-layout-flow\"><ul class=\"columns-1 wp-block-post-template is-layout-grid wp-container-core-post-template-is-layout-19505109 wp-block-post-template-is-layout-grid\"><li class=\"wp-block-post post-2351 post type-post status-publish format-standard hentry category-osto-ja-myynti\">\n\n<div class=\"wp-block-group is-layout-flow wp-block-group-is-layout-flow\" style=\"padding-top:30px;padding-right:30px;padding-bottom:30px;padding-left:30px\"><h2 class=\"wp-block-post-title\"><a href=\"https:\/\/svkmk.com\/wordpress\/2026\/04\/03\/asuntovaunu-knaus-deseo-400\/\" target=\"_self\" >Asuntovaunu Knaus Deseo 400<\/a><\/h2>\n\n\n<div class=\"wp-block-columns is-layout-flex wp-container-core-columns-is-layout-28f84493 wp-block-columns-is-layout-flex\">\n<div class=\"wp-block-column is-layout-flow wp-block-column-is-layout-flow\" style=\"flex-basis:100%\"><div class=\"entry-content wp-block-post-content is-layout-flow wp-block-post-content-is-layout-flow\">\n<p>Myyntiin kuljetuskalustomuutosten vuoksi mainio vaunu jossa yhdistyy sek\u00e4 kuljetus- ett\u00e4 majoitustarpeet parhaalla mahdollisella tavalla.<\/p>\n\n\n\n<p><a href=\"https:\/\/www.nettikaravaani.com\/knaus\/deseo\/1676384\">https:\/\/www.nettikaravaani.com\/knaus\/deseo\/1676384<\/a><\/p>\n\n\n\n<p>Vaunu Tampereella \/ Timo Talja  p.040 506 2695<\/p>\n\n\n\n<figure class=\"wp-block-image size-large has-custom-border is-style-rounded is-style-rounded--1\"><img loading=\"lazy\" decoding=\"async\" width=\"1024\" height=\"681\" src=\"https:\/\/svkmk.com\/wordpress\/wp-content\/uploads\/2026\/04\/3-1024x681.jpg\" alt=\"\" class=\"wp-image-2354\" style=\"border-top-left-radius:13px;border-top-right-radius:13px;border-bottom-left-radius:13px;border-bottom-right-radius:13px\" srcset=\"https:\/\/svkmk.com\/wordpress\/wp-content\/uploads\/2026\/04\/3-1024x681.jpg 1024w, https:\/\/svkmk.com\/wordpress\/wp-content\/uploads\/2026\/04\/3-300x200.jpg 300w, https:\/\/svkmk.com\/wordpress\/wp-content\/uploads\/2026\/04\/3-768x511.jpg 768w, https:\/\/svkmk.com\/wordpress\/wp-content\/uploads\/2026\/04\/3-1536x1022.jpg 1536w, https:\/\/svkmk.com\/wordpress\/wp-content\/uploads\/2026\/04\/3-2048x1362.jpg 2048w\" sizes=\"auto, (max-width: 1024px) 100vw, 1024px\" \/><\/figure>\n<\/div><\/div>\n<\/div>\n\n\n<div class=\"wp-block-post-date\"><time datetime=\"2026-04-03T14:19:26+03:00\">3.4.2026<\/time><\/div><\/div>\n\n<\/li><li class=\"wp-block-post post-2117 post type-post status-publish format-standard hentry category-osto-ja-myynti\">\n\n<div class=\"wp-block-group is-layout-flow wp-block-group-is-layout-flow\" style=\"padding-top:30px;padding-right:30px;padding-bottom:30px;padding-left:30px\"><h2 class=\"wp-block-post-title\"><a href=\"https:\/\/svkmk.com\/wordpress\/2025\/12\/11\/2117\/\" target=\"_self\" >Aermacchi, Benelli, Honda<\/a><\/h2>\n\n\n<div class=\"wp-block-columns is-layout-flex wp-container-core-columns-is-layout-28f84493 wp-block-columns-is-layout-flex\">\n<div class=\"wp-block-column is-layout-flow wp-block-column-is-layout-flow\" style=\"flex-basis:100%\"><div class=\"entry-content wp-block-post-content is-layout-flow wp-block-post-content-is-layout-flow\">\n<p>Uudenveroisia kilpureita ja kilpuri replikoita. Kaikki myyd\u00e4\u00e4n tarjousten per\u00e4st\u00e4. Kaikista py\u00f6rist\u00e4 lis\u00e4tietoa puh.<strong>0500458444 Kari Syrj\u00e4nen<\/strong><\/p>\n\n\n\n<hr class=\"wp-block-separator has-alpha-channel-opacity\"\/>\n\n\n\n<p>Ajamaton uusi <strong>Aermacchi 350<\/strong> rickman metisse rungolla, vasta saatu konekortti.<\/p>\n\n\n\n<figure class=\"wp-block-image size-full\"><img loading=\"lazy\" decoding=\"async\" width=\"800\" height=\"600\" src=\"https:\/\/svkmk.com\/wordpress\/wp-content\/uploads\/2025\/12\/IMG_55271.jpg\" alt=\"\" class=\"wp-image-2118\" srcset=\"https:\/\/svkmk.com\/wordpress\/wp-content\/uploads\/2025\/12\/IMG_55271.jpg 800w, https:\/\/svkmk.com\/wordpress\/wp-content\/uploads\/2025\/12\/IMG_55271-300x225.jpg 300w, https:\/\/svkmk.com\/wordpress\/wp-content\/uploads\/2025\/12\/IMG_55271-768x576.jpg 768w\" sizes=\"auto, (max-width: 800px) 100vw, 800px\" \/><\/figure>\n\n\n\n<figure class=\"wp-block-image size-full\"><img loading=\"lazy\" decoding=\"async\" width=\"768\" height=\"1024\" src=\"https:\/\/svkmk.com\/wordpress\/wp-content\/uploads\/2025\/12\/IMG_59521.jpg\" alt=\"\" class=\"wp-image-2119\" srcset=\"https:\/\/svkmk.com\/wordpress\/wp-content\/uploads\/2025\/12\/IMG_59521.jpg 768w, https:\/\/svkmk.com\/wordpress\/wp-content\/uploads\/2025\/12\/IMG_59521-225x300.jpg 225w\" sizes=\"auto, (max-width: 768px) 100vw, 768px\" \/><\/figure>\n\n\n\n<hr class=\"wp-block-separator has-alpha-channel-opacity\"\/>\n\n\n\n<p><strong>Benelli 250<\/strong> Quattro filmit\u00e4hti (Jarno ja min\u00e4 filmist\u00e4), k\u00e4ytetty vain n\u00e4yt\u00f6sajoissa.<\/p>\n\n\n\n<figure class=\"wp-block-image size-full\"><img loading=\"lazy\" decoding=\"async\" width=\"640\" height=\"478\" src=\"https:\/\/svkmk.com\/wordpress\/wp-content\/uploads\/2025\/12\/IMG_07841.jpg\" alt=\"\" class=\"wp-image-2120\" srcset=\"https:\/\/svkmk.com\/wordpress\/wp-content\/uploads\/2025\/12\/IMG_07841.jpg 640w, https:\/\/svkmk.com\/wordpress\/wp-content\/uploads\/2025\/12\/IMG_07841-300x224.jpg 300w\" sizes=\"auto, (max-width: 640px) 100vw, 640px\" \/><\/figure>\n\n\n\n<figure class=\"wp-block-image size-full\"><img loading=\"lazy\" decoding=\"async\" width=\"640\" height=\"478\" src=\"https:\/\/svkmk.com\/wordpress\/wp-content\/uploads\/2025\/12\/IMG_07851.jpg\" alt=\"\" class=\"wp-image-2121\" srcset=\"https:\/\/svkmk.com\/wordpress\/wp-content\/uploads\/2025\/12\/IMG_07851.jpg 640w, https:\/\/svkmk.com\/wordpress\/wp-content\/uploads\/2025\/12\/IMG_07851-300x224.jpg 300w\" sizes=\"auto, (max-width: 640px) 100vw, 640px\" \/><\/figure>\n\n\n\n<hr class=\"wp-block-separator has-alpha-channel-opacity\"\/>\n\n\n\n<p><strong>Honda RC 110 50cc<\/strong> replika (Luigi Taveri), 1962 1 podiumi Pyynikill\u00e4, koneessa tehtaan viritysosat sis\u00e4\u00e4n ajettu n:45 tuntia .<\/p>\n\n\n\n<figure class=\"wp-block-image size-full\"><img loading=\"lazy\" decoding=\"async\" width=\"640\" height=\"478\" src=\"https:\/\/svkmk.com\/wordpress\/wp-content\/uploads\/2025\/12\/IMG_31831.jpg\" alt=\"\" class=\"wp-image-2122\" srcset=\"https:\/\/svkmk.com\/wordpress\/wp-content\/uploads\/2025\/12\/IMG_31831.jpg 640w, https:\/\/svkmk.com\/wordpress\/wp-content\/uploads\/2025\/12\/IMG_31831-300x224.jpg 300w\" sizes=\"auto, (max-width: 640px) 100vw, 640px\" \/><\/figure>\n\n\n\n<figure class=\"wp-block-image size-full\"><img loading=\"lazy\" decoding=\"async\" width=\"640\" height=\"480\" src=\"https:\/\/svkmk.com\/wordpress\/wp-content\/uploads\/2025\/12\/IMG_56851.jpg\" alt=\"\" class=\"wp-image-2123\" srcset=\"https:\/\/svkmk.com\/wordpress\/wp-content\/uploads\/2025\/12\/IMG_56851.jpg 640w, https:\/\/svkmk.com\/wordpress\/wp-content\/uploads\/2025\/12\/IMG_56851-300x225.jpg 300w\" sizes=\"auto, (max-width: 640px) 100vw, 640px\" \/><\/figure>\n\n\n\n<p><\/p>\n\n\n\n<p><\/p>\n<\/div><\/div>\n<\/div>\n\n\n<div class=\"wp-block-post-date\"><time datetime=\"2025-12-11T13:10:45+02:00\">11.12.2025<\/time><\/div><\/div>\n\n<\/li><li class=\"wp-block-post post-603 post type-post status-publish format-standard hentry category-osto-ja-myynti\">\n\n<div class=\"wp-block-group is-layout-flow wp-block-group-is-layout-flow\" style=\"padding-top:30px;padding-right:30px;padding-bottom:30px;padding-left:30px\"><h2 class=\"wp-block-post-title\"><a href=\"https:\/\/svkmk.com\/wordpress\/2023\/12\/01\/speedwaytarvike\/\" target=\"_self\" >Speedwaytarvike<\/a><\/h2>\n\n\n<div class=\"wp-block-columns is-layout-flex wp-container-core-columns-is-layout-28f84493 wp-block-columns-is-layout-flex\">\n<div class=\"wp-block-column is-layout-flow wp-block-column-is-layout-flow\" style=\"flex-basis:100%\"><div class=\"entry-content wp-block-post-content is-layout-flow wp-block-post-content-is-layout-flow\">\n<p><strong>VARASTON TYHJENNYSMYYNTI ALKAA NYT<\/strong><\/p>\n\n\n\n<p><br>Speedway ja maaratapy\u00f6rien osia on 60-luvun JAP ja ESO\/JAWA osista 70-luvun 4-venttiilisten Weslaken ja GR500\/Godden varaosien lis\u00e4ksi, Italialaisen GM:n osia jonkin verran. Spw\/MR runkoja sek\u00e4 j\u00e4\u00e4speedwayrunkoja, moottoreita, etupy\u00f6ri\u00e4, takapy\u00f6ri\u00e4, kytkimi\u00e4, kaasareita esim. Amal, Bing, Dellorto. Sylinterikansia, sylintereit\u00e4 ja putkia, Moottorin lohkoja, M\u00e4nti\u00e4, m\u00e4nn\u00e4nrenkaita, Pirelli ja Barum renkaita 3.50&#215;19 .Melkein kaikkia osia on, enimm\u00e4kseen Jawaan.<br>K\u00e4ytettyj\u00e4 osia on ja paljon. J\u00e4\u00e4speedway pitki\u00e4 piikkej\u00e4, pitoa j\u00e4\u00e4lle.<br>classik-TT moottoreina kehuja saaneita ESO\/JAWA 890 ty\u00f6nt\u00f6tankokoneita on uusia ja k\u00e4ytettyj\u00e4.<\/p>\n\n\n\n<p>Englantilaisia MORRIS kilpa ja Classic \u00f6ljyj\u00e4<br>Risiinipohjaiset MLR 40 ja MLR 50S Racing\u00f6ljyt.<br>Vanhanajan moottori\u00f6ljyt ELITE 40 SAE ja ELITE 50 SAE.<\/p>\n\n\n\n<p><strong>Speedwaytarvike<br>P. Kortelainen 0400-236 504<\/strong><\/p>\n<\/div><\/div>\n<\/div>\n\n\n<div class=\"wp-block-post-date\"><time datetime=\"2023-12-01T21:25:08+02:00\">1.12.2023<\/time><\/div><\/div>\n\n<\/li><\/ul><\/div>\n\n\n\n<p><\/p>\n","protected":false},"excerpt":{"rendered":"<p>Ilmoituksen lis\u00e4\u00e4minen\/poistaminen : laita s\u00e4hk\u00f6postia hallituksen web-sivuista vastaavalle<\/p>\n","protected":false},"author":1,"featured_media":0,"parent":0,"menu_order":0,"comment_status":"closed","ping_status":"closed","template":"","meta":{"footnotes":""},"class_list":["post-189","page","type-page","status-publish","hentry"],"_links":{"self":[{"href":"https:\/\/svkmk.com\/wordpress\/wp-json\/wp\/v2\/pages\/189","targetHints":{"allow":["GET"]}}],"collection":[{"href":"https:\/\/svkmk.com\/wordpress\/wp-json\/wp\/v2\/pages"}],"about":[{"href":"https:\/\/svkmk.com\/wordpress\/wp-json\/wp\/v2\/types\/page"}],"author":[{"embeddable":true,"href":"https:\/\/svkmk.com\/wordpress\/wp-json\/wp\/v2\/users\/1"}],"replies":[{"embeddable":true,"href":"https:\/\/svkmk.com\/wordpress\/wp-json\/wp\/v2\/comments?post=189"}],"version-history":[{"count":9,"href":"https:\/\/svkmk.com\/wordpress\/wp-json\/wp\/v2\/pages\/189\/revisions"}],"predecessor-version":[{"id":2126,"href":"https:\/\/svkmk.com\/wordpress\/wp-json\/wp\/v2\/pages\/189\/revisions\/2126"}],"wp:attachment":[{"href":"https:\/\/svkmk.com\/wordpress\/wp-json\/wp\/v2\/media?parent=189"}],"curies":[{"name":"wp","href":"https:\/\/api.w.org\/{rel}","templated":true}]}}