{"id":1430,"date":"2024-11-27T13:38:32","date_gmt":"2024-11-27T11:38:32","guid":{"rendered":"https:\/\/svkmk.com\/wordpress\/?page_id=1430"},"modified":"2025-08-24T10:45:38","modified_gmt":"2025-08-24T07:45:38","slug":"arkisto","status":"publish","type":"page","link":"https:\/\/svkmk.com\/wordpress\/arkisto\/","title":{"rendered":"Arkisto"},"content":{"rendered":"\n<p>Arkistoon tallennetaan kaikkia SVKMK:n toimintaan liittyneit\u00e4 s\u00e4hk\u00f6isi\u00e4 dokumentteja.<\/p>\n\n\n\n<p>Arkisto jakautuu kahteen osaan &#8211; Yleiseen ja Hallituksen osaan.<\/p>\n\n\n\n<p><strong>Yleisess\u00e4 arkiston osassa <\/strong>on kaikille avoimet asiat, mm. kilpailuja koskevia dokumentteja, kutsuja, aikatauluja ja tuloksia yms vuosien varrelta.<\/p>\n\n\n\n<p><strong>Hallituksen arkiston osassa <\/strong>on esityslistoja, p\u00f6yt\u00e4kirjoja jne. T\u00e4m\u00e4 osa vaatii <em>tunnuksen <\/em>ja <em>salasanan<\/em>. Tarvittaessa ota yhteytt\u00e4 hallituksen j\u00e4seneen mik\u00e4li kaipaat jotain tietty\u00e4 dokumenttia.<\/p>\n\n\n\n<p><a href=\"https:\/\/svkmk.com\/arkisto\/yleinen\/\" target=\"_blank\" rel=\"noreferrer noopener\">Linkki Yleiseen arkistoon<\/a>.<\/p>\n\n\n\n<p><a href=\"https:\/\/svkmk.com\/arkisto\/hallitus\/\" target=\"_blank\" rel=\"noreferrer noopener\">Linkki Hallituksen arkistoon<\/a>.<\/p>\n","protected":false},"excerpt":{"rendered":"<p>Arkistoon tallennetaan kaikkia SVKMK:n toimintaan liittyneit\u00e4 s\u00e4hk\u00f6isi\u00e4 dokumentteja. Arkisto jakautuu kahteen osaan &#8211; Yleiseen ja Hallituksen osaan. Yleisess\u00e4 arkiston osassa on kaikille avoimet asiat, mm. kilpailuja koskevia dokumentteja, kutsuja, aikatauluja ja tuloksia yms vuosien varrelta. Hallituksen arkiston osassa on esityslistoja, p\u00f6yt\u00e4kirjoja jne. T\u00e4m\u00e4 osa vaatii tunnuksen ja salasanan. Tarvittaessa ota yhteytt\u00e4 hallituksen j\u00e4seneen mik\u00e4li kaipaat [&hellip;]<\/p>\n","protected":false},"author":1,"featured_media":0,"parent":0,"menu_order":0,"comment_status":"closed","ping_status":"closed","template":"","meta":{"footnotes":""},"class_list":["post-1430","page","type-page","status-publish","hentry"],"_links":{"self":[{"href":"https:\/\/svkmk.com\/wordpress\/wp-json\/wp\/v2\/pages\/1430","targetHints":{"allow":["GET"]}}],"collection":[{"href":"https:\/\/svkmk.com\/wordpress\/wp-json\/wp\/v2\/pages"}],"about":[{"href":"https:\/\/svkmk.com\/wordpress\/wp-json\/wp\/v2\/types\/page"}],"author":[{"embeddable":true,"href":"https:\/\/svkmk.com\/wordpress\/wp-json\/wp\/v2\/users\/1"}],"replies":[{"embeddable":true,"href":"https:\/\/svkmk.com\/wordpress\/wp-json\/wp\/v2\/comments?post=1430"}],"version-history":[{"count":8,"href":"https:\/\/svkmk.com\/wordpress\/wp-json\/wp\/v2\/pages\/1430\/revisions"}],"predecessor-version":[{"id":2046,"href":"https:\/\/svkmk.com\/wordpress\/wp-json\/wp\/v2\/pages\/1430\/revisions\/2046"}],"wp:attachment":[{"href":"https:\/\/svkmk.com\/wordpress\/wp-json\/wp\/v2\/media?parent=1430"}],"curies":[{"name":"wp","href":"https:\/\/api.w.org\/{rel}","templated":true}]}}