{"id":1248,"date":"2024-07-27T09:53:35","date_gmt":"2024-07-27T06:53:35","guid":{"rendered":"https:\/\/svkmk.com\/wordpress\/?page_id=1248"},"modified":"2026-02-01T16:54:54","modified_gmt":"2026-02-01T14:54:54","slug":"yhteistyossa","status":"publish","type":"page","link":"https:\/\/svkmk.com\/wordpress\/yhteistyossa\/","title":{"rendered":"Yhteisty\u00f6ss\u00e4"},"content":{"rendered":"\n<p>K\u00e4ytt\u00e4m\u00e4ll\u00e4 yhteisty\u00f6kumppaneitamme tuet v\u00e4lillisesti my\u00f6s meid\u00e4n toimintaamme !<\/p>\n\n\n\n<figure class=\"wp-block-image size-full\"><a href=\"https:\/\/www.muuttoexpress.fi\" target=\"_blank\" rel=\" noreferrer noopener\"><img loading=\"lazy\" decoding=\"async\" width=\"767\" height=\"403\" src=\"https:\/\/svkmk.com\/wordpress\/wp-content\/uploads\/2025\/01\/Muuttoexpress-1.png\" alt=\"\" class=\"wp-image-1570\" srcset=\"https:\/\/svkmk.com\/wordpress\/wp-content\/uploads\/2025\/01\/Muuttoexpress-1.png 767w, https:\/\/svkmk.com\/wordpress\/wp-content\/uploads\/2025\/01\/Muuttoexpress-1-300x158.png 300w\" sizes=\"auto, (max-width: 767px) 100vw, 767px\" \/><\/a><\/figure>\n\n\n\n<figure class=\"wp-block-image size-full\"><a href=\"https:\/\/www.ladek.fi\/\" target=\"_blank\" rel=\"noreferrer noopener\"><img loading=\"lazy\" decoding=\"async\" width=\"710\" height=\"449\" src=\"https:\/\/svkmk.com\/wordpress\/wp-content\/uploads\/2024\/04\/LADEK-2.png\" alt=\"\" class=\"wp-image-1071\"\/><\/a><\/figure>\n\n\n\n<figure class=\"wp-block-image size-full\"><a href=\"https:\/\/www.kailatec.fi\/\" target=\"_blank\" rel=\"noreferrer noopener\"><img loading=\"lazy\" decoding=\"async\" width=\"710\" height=\"394\" src=\"https:\/\/svkmk.com\/wordpress\/wp-content\/uploads\/2024\/04\/KAILATEC-2.png\" alt=\"\" class=\"wp-image-1087\" srcset=\"https:\/\/svkmk.com\/wordpress\/wp-content\/uploads\/2024\/04\/KAILATEC-2.png 710w, https:\/\/svkmk.com\/wordpress\/wp-content\/uploads\/2024\/04\/KAILATEC-2-300x166.png 300w\" sizes=\"auto, (max-width: 710px) 100vw, 710px\" \/><\/a><\/figure>\n\n\n\n<figure class=\"wp-block-image size-full\"><a href=\"https:\/\/peltikarhut.fi\/\" target=\"_blank\" rel=\" noreferrer noopener\"><img loading=\"lazy\" decoding=\"async\" width=\"877\" height=\"540\" src=\"https:\/\/svkmk.com\/wordpress\/wp-content\/uploads\/2024\/04\/PEKA-e1736792657674.jpg\" alt=\"\" class=\"wp-image-1053\" srcset=\"https:\/\/svkmk.com\/wordpress\/wp-content\/uploads\/2024\/04\/PEKA-e1736792657674.jpg 877w, https:\/\/svkmk.com\/wordpress\/wp-content\/uploads\/2024\/04\/PEKA-e1736792657674-300x185.jpg 300w, https:\/\/svkmk.com\/wordpress\/wp-content\/uploads\/2024\/04\/PEKA-e1736792657674-768x473.jpg 768w\" sizes=\"auto, (max-width: 877px) 100vw, 877px\" \/><\/a><\/figure>\n\n\n\n<figure class=\"wp-block-image size-full\"><a href=\"https:\/\/www.britti-helmet.fi\/\" target=\"_blank\" rel=\" noreferrer noopener\"><img loading=\"lazy\" decoding=\"async\" width=\"786\" height=\"426\" src=\"https:\/\/svkmk.com\/wordpress\/wp-content\/uploads\/2025\/01\/britti-helmet-2.png\" alt=\"\" class=\"wp-image-1580\" srcset=\"https:\/\/svkmk.com\/wordpress\/wp-content\/uploads\/2025\/01\/britti-helmet-2.png 786w, https:\/\/svkmk.com\/wordpress\/wp-content\/uploads\/2025\/01\/britti-helmet-2-300x163.png 300w, https:\/\/svkmk.com\/wordpress\/wp-content\/uploads\/2025\/01\/britti-helmet-2-768x416.png 768w\" sizes=\"auto, (max-width: 786px) 100vw, 786px\" \/><\/a><\/figure>\n\n\n\n<figure class=\"wp-block-image size-full\"><a href=\"https:\/\/kwc-professional.com\/fi_FI\" target=\"_blank\" rel=\" noreferrer noopener\"><img loading=\"lazy\" decoding=\"async\" width=\"745\" height=\"400\" src=\"https:\/\/svkmk.com\/wordpress\/wp-content\/uploads\/2025\/01\/kwc-1.png\" alt=\"\" class=\"wp-image-1598\" srcset=\"https:\/\/svkmk.com\/wordpress\/wp-content\/uploads\/2025\/01\/kwc-1.png 745w, https:\/\/svkmk.com\/wordpress\/wp-content\/uploads\/2025\/01\/kwc-1-300x161.png 300w\" sizes=\"auto, (max-width: 745px) 100vw, 745px\" \/><\/a><\/figure>\n\n\n\n<figure class=\"wp-block-image size-full\"><a href=\"https:\/\/www.visiohr.fi\/\" target=\"_blank\" rel=\" noreferrer noopener\"><img loading=\"lazy\" decoding=\"async\" width=\"719\" height=\"370\" src=\"https:\/\/svkmk.com\/wordpress\/wp-content\/uploads\/2025\/01\/visio.png\" alt=\"\" class=\"wp-image-1603\" srcset=\"https:\/\/svkmk.com\/wordpress\/wp-content\/uploads\/2025\/01\/visio.png 719w, https:\/\/svkmk.com\/wordpress\/wp-content\/uploads\/2025\/01\/visio-300x154.png 300w\" sizes=\"auto, (max-width: 719px) 100vw, 719px\" \/><\/a><\/figure>\n\n\n\n<figure class=\"wp-block-image size-full\"><a href=\"https:\/\/www.lvipendex.fi\/\" target=\"_blank\" rel=\" noreferrer noopener\"><img loading=\"lazy\" decoding=\"async\" width=\"736\" height=\"400\" src=\"https:\/\/svkmk.com\/wordpress\/wp-content\/uploads\/2025\/01\/lvipendex.png\" alt=\"\" class=\"wp-image-1638\" srcset=\"https:\/\/svkmk.com\/wordpress\/wp-content\/uploads\/2025\/01\/lvipendex.png 736w, https:\/\/svkmk.com\/wordpress\/wp-content\/uploads\/2025\/01\/lvipendex-300x163.png 300w\" sizes=\"auto, (max-width: 736px) 100vw, 736px\" \/><\/a><\/figure>\n\n\n\n<figure class=\"wp-block-image size-full\"><a href=\"https:\/\/www.facebook.com\/p\/Konekuormaus-Sepp\u00e4nen-oy-100063631295757\"><img loading=\"lazy\" decoding=\"async\" width=\"738\" height=\"400\" src=\"https:\/\/svkmk.com\/wordpress\/wp-content\/uploads\/2025\/01\/kkseppanen.png\" alt=\"\" class=\"wp-image-1637\" srcset=\"https:\/\/svkmk.com\/wordpress\/wp-content\/uploads\/2025\/01\/kkseppanen.png 738w, https:\/\/svkmk.com\/wordpress\/wp-content\/uploads\/2025\/01\/kkseppanen-300x163.png 300w\" sizes=\"auto, (max-width: 738px) 100vw, 738px\" \/><\/a><\/figure>\n\n\n\n<figure class=\"wp-block-image size-full\"><a href=\"https:\/\/www.refinec.fi\/\" target=\"_blank\" rel=\" noreferrer noopener\"><img loading=\"lazy\" decoding=\"async\" width=\"736\" height=\"412\" src=\"https:\/\/svkmk.com\/wordpress\/wp-content\/uploads\/2025\/01\/refinec-1.png\" alt=\"\" class=\"wp-image-1646\" srcset=\"https:\/\/svkmk.com\/wordpress\/wp-content\/uploads\/2025\/01\/refinec-1.png 736w, https:\/\/svkmk.com\/wordpress\/wp-content\/uploads\/2025\/01\/refinec-1-300x168.png 300w\" sizes=\"auto, (max-width: 736px) 100vw, 736px\" \/><\/a><\/figure>\n\n\n\n<figure class=\"wp-block-image size-full\"><a href=\"https:\/\/kuusitunturi.fi\/\" target=\"_blank\" rel=\" noreferrer noopener\"><img loading=\"lazy\" decoding=\"async\" width=\"736\" height=\"412\" src=\"https:\/\/svkmk.com\/wordpress\/wp-content\/uploads\/2025\/01\/kuusitunturi.png\" alt=\"\" class=\"wp-image-1649\" srcset=\"https:\/\/svkmk.com\/wordpress\/wp-content\/uploads\/2025\/01\/kuusitunturi.png 736w, https:\/\/svkmk.com\/wordpress\/wp-content\/uploads\/2025\/01\/kuusitunturi-300x168.png 300w\" sizes=\"auto, (max-width: 736px) 100vw, 736px\" \/><\/a><\/figure>\n\n\n\n<figure class=\"wp-block-image size-full\"><a href=\"https:\/\/www.saimaaneristys.fi\/\" target=\"_blank\" rel=\" noreferrer noopener\"><img loading=\"lazy\" decoding=\"async\" width=\"736\" height=\"412\" src=\"https:\/\/svkmk.com\/wordpress\/wp-content\/uploads\/2025\/01\/saimaa-1.png\" alt=\"\" class=\"wp-image-1669\" srcset=\"https:\/\/svkmk.com\/wordpress\/wp-content\/uploads\/2025\/01\/saimaa-1.png 736w, https:\/\/svkmk.com\/wordpress\/wp-content\/uploads\/2025\/01\/saimaa-1-300x168.png 300w\" sizes=\"auto, (max-width: 736px) 100vw, 736px\" \/><\/a><\/figure>\n\n\n\n<figure class=\"wp-block-image size-full\"><a href=\"https:\/\/www.mmkkuljetus.fi\/\" target=\"_blank\" rel=\" noreferrer noopener\"><img loading=\"lazy\" decoding=\"async\" width=\"750\" height=\"385\" src=\"https:\/\/svkmk.com\/wordpress\/wp-content\/uploads\/2025\/01\/MMK.png\" alt=\"\" class=\"wp-image-1701\" srcset=\"https:\/\/svkmk.com\/wordpress\/wp-content\/uploads\/2025\/01\/MMK.png 750w, https:\/\/svkmk.com\/wordpress\/wp-content\/uploads\/2025\/01\/MMK-300x154.png 300w\" sizes=\"auto, (max-width: 750px) 100vw, 750px\" \/><\/a><\/figure>\n\n\n\n<figure class=\"wp-block-image size-full\"><a href=\"https:\/\/ekas.fi\/\" target=\"_blank\" rel=\" noreferrer noopener\"><img loading=\"lazy\" decoding=\"async\" width=\"736\" height=\"401\" src=\"https:\/\/svkmk.com\/wordpress\/wp-content\/uploads\/2025\/03\/ekas.png\" alt=\"\" class=\"wp-image-1797\" srcset=\"https:\/\/svkmk.com\/wordpress\/wp-content\/uploads\/2025\/03\/ekas.png 736w, https:\/\/svkmk.com\/wordpress\/wp-content\/uploads\/2025\/03\/ekas-300x163.png 300w\" sizes=\"auto, (max-width: 736px) 100vw, 736px\" \/><\/a><\/figure>\n\n\n\n<figure class=\"wp-block-image size-full\"><a href=\"https:\/\/zeppelininapteekki.fi\/\" target=\"_blank\" rel=\" noreferrer noopener\"><img loading=\"lazy\" decoding=\"async\" width=\"735\" height=\"409\" src=\"https:\/\/svkmk.com\/wordpress\/wp-content\/uploads\/2026\/02\/Zeppelinin-apteekki.jpg\" alt=\"\" class=\"wp-image-2255\" srcset=\"https:\/\/svkmk.com\/wordpress\/wp-content\/uploads\/2026\/02\/Zeppelinin-apteekki.jpg 735w, https:\/\/svkmk.com\/wordpress\/wp-content\/uploads\/2026\/02\/Zeppelinin-apteekki-300x167.jpg 300w\" sizes=\"auto, (max-width: 735px) 100vw, 735px\" \/><\/a><\/figure>\n\n\n\n<figure class=\"wp-block-image size-full\"><a href=\"https:\/\/www.hiomopalvelu.fi\" target=\"_blank\" rel=\" noreferrer noopener\"><img loading=\"lazy\" decoding=\"async\" width=\"735\" height=\"401\" src=\"https:\/\/svkmk.com\/wordpress\/wp-content\/uploads\/2026\/02\/suomenhiomopalvelu.jpg\" alt=\"\" class=\"wp-image-2254\" srcset=\"https:\/\/svkmk.com\/wordpress\/wp-content\/uploads\/2026\/02\/suomenhiomopalvelu.jpg 735w, https:\/\/svkmk.com\/wordpress\/wp-content\/uploads\/2026\/02\/suomenhiomopalvelu-300x164.jpg 300w\" sizes=\"auto, (max-width: 735px) 100vw, 735px\" \/><\/a><\/figure>\n","protected":false},"excerpt":{"rendered":"<p>K\u00e4ytt\u00e4m\u00e4ll\u00e4 yhteisty\u00f6kumppaneitamme tuet v\u00e4lillisesti my\u00f6s meid\u00e4n toimintaamme !<\/p>\n","protected":false},"author":1,"featured_media":0,"parent":0,"menu_order":0,"comment_status":"closed","ping_status":"closed","template":"","meta":{"footnotes":""},"class_list":["post-1248","page","type-page","status-publish","hentry"],"_links":{"self":[{"href":"https:\/\/svkmk.com\/wordpress\/wp-json\/wp\/v2\/pages\/1248","targetHints":{"allow":["GET"]}}],"collection":[{"href":"https:\/\/svkmk.com\/wordpress\/wp-json\/wp\/v2\/pages"}],"about":[{"href":"https:\/\/svkmk.com\/wordpress\/wp-json\/wp\/v2\/types\/page"}],"author":[{"embeddable":true,"href":"https:\/\/svkmk.com\/wordpress\/wp-json\/wp\/v2\/users\/1"}],"replies":[{"embeddable":true,"href":"https:\/\/svkmk.com\/wordpress\/wp-json\/wp\/v2\/comments?post=1248"}],"version-history":[{"count":32,"href":"https:\/\/svkmk.com\/wordpress\/wp-json\/wp\/v2\/pages\/1248\/revisions"}],"predecessor-version":[{"id":2260,"href":"https:\/\/svkmk.com\/wordpress\/wp-json\/wp\/v2\/pages\/1248\/revisions\/2260"}],"wp:attachment":[{"href":"https:\/\/svkmk.com\/wordpress\/wp-json\/wp\/v2\/media?parent=1248"}],"curies":[{"name":"wp","href":"https:\/\/api.w.org\/{rel}","templated":true}]}}